{"id":568,"date":"2019-04-10T14:34:27","date_gmt":"2019-04-10T14:34:27","guid":{"rendered":"https:\/\/addanattitude.se\/?page_id=568"},"modified":"2022-12-15T12:47:28","modified_gmt":"2022-12-15T12:47:28","slug":"vardevideo","status":"publish","type":"page","link":"https:\/\/addanattitude.se\/sv\/vardevideo\/","title":{"rendered":"V\u00e4rde video"},"content":{"rendered":"\t\t<div data-elementor-type=\"wp-post\" data-elementor-id=\"568\" class=\"elementor elementor-568\" data-elementor-post-type=\"page\">\n\t\t\t\t\t\t<section class=\"elementor-section elementor-top-section elementor-element elementor-element-c4ada3d elementor-section-boxed elementor-section-height-default elementor-section-height-default\" data-id=\"c4ada3d\" data-element_type=\"section\">\n\t\t\t\t\t\t<div class=\"elementor-container elementor-column-gap-default\">\n\t\t\t\t\t<div class=\"elementor-column elementor-col-100 elementor-top-column elementor-element elementor-element-a90f2f7\" data-id=\"a90f2f7\" data-element_type=\"column\">\n\t\t\t<div class=\"elementor-widget-wrap elementor-element-populated\">\n\t\t\t\t\t\t<div class=\"elementor-element elementor-element-999991f elementor-widget elementor-widget-text-editor\" data-id=\"999991f\" data-element_type=\"widget\" data-widget_type=\"text-editor.default\">\n\t\t\t\t<div class=\"elementor-widget-container\">\n\t\t\t\t\t\t\t\t\t<p>Steg ett: Kolla in &#8221;case study videon nu<\/p>\t\t\t\t\t\t\t\t<\/div>\n\t\t\t\t<\/div>\n\t\t\t\t<div class=\"elementor-element elementor-element-ef74fb0 elementor-widget elementor-widget-video\" data-id=\"ef74fb0\" data-element_type=\"widget\" data-settings=\"{&quot;youtube_url&quot;:&quot;https:\\\/\\\/www.youtube.com\\\/watch?v=BPj4aBxsX9I&quot;,&quot;autoplay&quot;:&quot;yes&quot;,&quot;video_type&quot;:&quot;youtube&quot;,&quot;controls&quot;:&quot;yes&quot;}\" data-no-translation=\"\" data-widget_type=\"video.default\">\n\t\t\t\t<div class=\"elementor-widget-container\">\n\t\t\t\t\t\t\t<div class=\"elementor-wrapper elementor-open-inline\">\n\t\t\t<div class=\"elementor-video\"><\/div>\t\t<\/div>\n\t\t\t\t\t\t<\/div>\n\t\t\t\t<\/div>\n\t\t\t\t<div class=\"elementor-element elementor-element-b6db12f elementor-widget elementor-widget-video\" data-id=\"b6db12f\" data-element_type=\"widget\" data-settings=\"{&quot;youtube_url&quot;:&quot;https:\\\/\\\/www.youtube.com\\\/watch?v=JEG6qsiXWok&quot;,&quot;autoplay&quot;:&quot;yes&quot;,&quot;video_type&quot;:&quot;youtube&quot;,&quot;controls&quot;:&quot;yes&quot;}\" data-no-translation=\"\" data-widget_type=\"video.default\">\n\t\t\t\t<div class=\"elementor-widget-container\">\n\t\t\t\t\t<style>.elementor-element-b6db12f{display:none !important}<\/style>\t\t\t\t<\/div>\n\t\t\t\t<\/div>\n\t\t\t\t\t<\/div>\n\t\t<\/div>\n\t\t\t\t\t<\/div>\n\t\t<\/section>\n\t\t\t\t<section class=\"elementor-section elementor-top-section elementor-element elementor-element-d3930b8 elementor-section-boxed elementor-section-height-default elementor-section-height-default\" data-id=\"d3930b8\" data-element_type=\"section\">\n\t\t\t\t\t\t<div class=\"elementor-container elementor-column-gap-default\">\n\t\t\t\t\t<div class=\"elementor-column elementor-col-100 elementor-top-column elementor-element elementor-element-4d56e74\" data-id=\"4d56e74\" data-element_type=\"column\">\n\t\t\t<div class=\"elementor-widget-wrap elementor-element-populated\">\n\t\t\t\t\t\t<div class=\"elementor-element elementor-element-c1d16dd elementor-widget elementor-widget-heading\" data-id=\"c1d16dd\" data-element_type=\"widget\" data-widget_type=\"heading.default\">\n\t\t\t\t<div class=\"elementor-widget-container\">\n\t\t\t\t\t<h2 class=\"elementor-heading-title elementor-size-default\">Steg tv\u00e5: Anm\u00e4l dig h\u00e4r f\u00f6r ett samtal s\u00e5 vi kan se om jag kan hj\u00e4lpa dig.<\/h2>\t\t\t\t<\/div>\n\t\t\t\t<\/div>\n\t\t\t\t<div class=\"elementor-element elementor-element-b5767a5 elementor-widget elementor-widget-text-editor\" data-id=\"b5767a5\" data-element_type=\"widget\" data-widget_type=\"text-editor.default\">\n\t\t\t\t<div class=\"elementor-widget-container\">\n\t\t\t\t\t\t\t\t\t<p>Efter du har absorberat all bra tr\u00e4ning h\u00e4r ovan, om du \u00e4r redo att G\u00c5 DJUPARE och ta snabba kliv fram\u00e5t som idrottare, ans\u00f6k nu och s\u00e5 kollar vi om jag kan hj\u00e4lpa dig att verkligen ta fram din potential genom att klicka h\u00e4r under ..<\/p>\t\t\t\t\t\t\t\t<\/div>\n\t\t\t\t<\/div>\n\t\t\t\t<div class=\"elementor-element elementor-element-955f228 elementor-widget elementor-widget-text-editor\" data-id=\"955f228\" data-element_type=\"widget\" data-widget_type=\"text-editor.default\">\n\t\t\t\t<div class=\"elementor-widget-container\">\n\t\t\t\t\t\t\t\t\t<p style=\"text-align: center;\">Boka in en tid som passar dig genom att klicka p\u00e5 det datumet h\u00e4r under.<\/p>\t\t\t\t\t\t\t\t<\/div>\n\t\t\t\t<\/div>\n\t\t\t\t\t<\/div>\n\t\t<\/div>\n\t\t\t\t\t<\/div>\n\t\t<\/section>\n\t\t\t\t<section class=\"elementor-section elementor-top-section elementor-element elementor-element-bf5d5d6 elementor-section-boxed elementor-section-height-default elementor-section-height-default\" data-id=\"bf5d5d6\" data-element_type=\"section\">\n\t\t\t\t\t\t<div class=\"elementor-container elementor-column-gap-default\">\n\t\t\t\t\t<div class=\"elementor-column elementor-col-100 elementor-top-column elementor-element elementor-element-c94ec08\" data-id=\"c94ec08\" data-element_type=\"column\">\n\t\t\t<div class=\"elementor-widget-wrap elementor-element-populated\">\n\t\t\t\t\t\t<div class=\"elementor-element elementor-element-368c647 elementor-widget elementor-widget-wp-widget-custom_html\" data-id=\"368c647\" data-element_type=\"widget\" data-no-translation=\"\" data-widget_type=\"wp-widget-custom_html.default\">\n\t\t\t\t<div class=\"elementor-widget-container\">\n\t\t\t\t\t<div class=\"textwidget custom-html-widget\"><!-- Calendly inline widget begin -->\r\n<div class=\"calendly-inline-widget\" data-url=\"https:\/\/calendly.com\/mariacoaching\/maria-coaching\" style=\"min-width:320px;height:630px\"><\/div>\r\n\r\n<!-- Calendly inline widget end --><\/div>\t\t\t\t<\/div>\n\t\t\t\t<\/div>\n\t\t\t\t<div class=\"elementor-element elementor-element-1cf2891 elementor-widget elementor-widget-wp-widget-custom_html\" data-id=\"1cf2891\" data-element_type=\"widget\" data-no-translation=\"\" data-widget_type=\"wp-widget-custom_html.default\">\n\t\t\t\t<div class=\"elementor-widget-container\">\n\t\t\t\t\t<style>.elementor-element-1cf2891{display:none !important}<\/style>\t\t\t\t<\/div>\n\t\t\t\t<\/div>\n\t\t\t\t\t<\/div>\n\t\t<\/div>\n\t\t\t\t\t<\/div>\n\t\t<\/section>\n\t\t\t\t<\/div>\n\t\t","protected":false},"excerpt":{"rendered":"<p>Steg ett: Kolla in &#8221;case study videon nu https:\/\/www.youtube.com\/watch?v=BPj4aBxsX9Ihttps:\/\/www.youtube.com\/watch?v=JEG6qsiXWok Steg tv\u00e5: Anm\u00e4l dig h\u00e4r f\u00f6r ett samtal s\u00e5 vi kan se om jag kan hj\u00e4lpa dig. Efter du har absorberat all bra tr\u00e4ning h\u00e4r ovan, om du \u00e4r redo att G\u00c5 DJUPARE och ta snabba kliv fram\u00e5t som idrottare, ans\u00f6k nu och s\u00e5 kollar vi [&hellip;]<\/p>\n","protected":false},"author":1,"featured_media":0,"parent":0,"menu_order":38,"comment_status":"closed","ping_status":"closed","template":"elementor_header_footer","meta":{"_monsterinsights_skip_tracking":false,"_monsterinsights_sitenote_active":false,"_monsterinsights_sitenote_note":"","_monsterinsights_sitenote_category":0,"ocean_post_layout":"","ocean_both_sidebars_style":"","ocean_both_sidebars_content_width":0,"ocean_both_sidebars_sidebars_width":0,"ocean_sidebar":"0","ocean_second_sidebar":"0","ocean_disable_margins":"enable","ocean_add_body_class":"","ocean_shortcode_before_top_bar":"","ocean_shortcode_after_top_bar":"","ocean_shortcode_before_header":"","ocean_shortcode_after_header":"","ocean_has_shortcode":"","ocean_shortcode_after_title":"","ocean_shortcode_before_footer_widgets":"","ocean_shortcode_after_footer_widgets":"","ocean_shortcode_before_footer_bottom":"","ocean_shortcode_after_footer_bottom":"","ocean_display_top_bar":"default","ocean_display_header":"default","ocean_header_style":"","ocean_center_header_left_menu":"0","ocean_custom_header_template":"0","ocean_custom_logo":0,"ocean_custom_retina_logo":0,"ocean_custom_logo_max_width":0,"ocean_custom_logo_tablet_max_width":0,"ocean_custom_logo_mobile_max_width":0,"ocean_custom_logo_max_height":0,"ocean_custom_logo_tablet_max_height":0,"ocean_custom_logo_mobile_max_height":0,"ocean_header_custom_menu":"0","ocean_menu_typo_font_family":"0","ocean_menu_typo_font_subset":"","ocean_menu_typo_font_size":0,"ocean_menu_typo_font_size_tablet":0,"ocean_menu_typo_font_size_mobile":0,"ocean_menu_typo_font_size_unit":"px","ocean_menu_typo_font_weight":"","ocean_menu_typo_font_weight_tablet":"","ocean_menu_typo_font_weight_mobile":"","ocean_menu_typo_transform":"","ocean_menu_typo_transform_tablet":"","ocean_menu_typo_transform_mobile":"","ocean_menu_typo_line_height":0,"ocean_menu_typo_line_height_tablet":0,"ocean_menu_typo_line_height_mobile":0,"ocean_menu_typo_line_height_unit":"","ocean_menu_typo_spacing":0,"ocean_menu_typo_spacing_tablet":0,"ocean_menu_typo_spacing_mobile":0,"ocean_menu_typo_spacing_unit":"","ocean_menu_link_color":"","ocean_menu_link_color_hover":"","ocean_menu_link_color_active":"","ocean_menu_link_background":"","ocean_menu_link_hover_background":"","ocean_menu_link_active_background":"","ocean_menu_social_links_bg":"","ocean_menu_social_hover_links_bg":"","ocean_menu_social_links_color":"","ocean_menu_social_hover_links_color":"","ocean_disable_title":"default","ocean_disable_heading":"default","ocean_post_title":"","ocean_post_subheading":"","ocean_post_title_style":"","ocean_post_title_background_color":"","ocean_post_title_background":0,"ocean_post_title_bg_image_position":"","ocean_post_title_bg_image_attachment":"","ocean_post_title_bg_image_repeat":"","ocean_post_title_bg_image_size":"","ocean_post_title_height":0,"ocean_post_title_bg_overlay":0.5,"ocean_post_title_bg_overlay_color":"","ocean_disable_breadcrumbs":"default","ocean_breadcrumbs_color":"","ocean_breadcrumbs_separator_color":"","ocean_breadcrumbs_links_color":"","ocean_breadcrumbs_links_hover_color":"","ocean_display_footer_widgets":"default","ocean_display_footer_bottom":"default","ocean_custom_footer_template":"0","footnotes":""},"class_list":["post-568","page","type-page","status-publish","hentry","entry"],"yoast_head":"<!-- This site is optimized with the Yoast SEO plugin v24.7 - https:\/\/yoast.com\/wordpress\/plugins\/seo\/ -->\n<title>V\u00e4rde video &#187; Add An Attitude<\/title>\n<meta name=\"robots\" content=\"index, follow, max-snippet:-1, max-image-preview:large, max-video-preview:-1\" \/>\n<link rel=\"canonical\" href=\"https:\/\/addanattitude.se\/sv\/vardevideo\/\" \/>\n<meta property=\"og:locale\" content=\"sv_SE\" \/>\n<meta property=\"og:type\" content=\"article\" \/>\n<meta property=\"og:title\" content=\"V\u00e4rde video &#187; Add An Attitude\" \/>\n<meta property=\"og:description\" content=\"Steg ett: Kolla in &#8221;case study videon nu https:\/\/www.youtube.com\/watch?v=BPj4aBxsX9Ihttps:\/\/www.youtube.com\/watch?v=JEG6qsiXWok Steg tv\u00e5: Anm\u00e4l dig h\u00e4r f\u00f6r ett samtal s\u00e5 vi kan se om jag kan hj\u00e4lpa dig. Efter du har absorberat all bra tr\u00e4ning h\u00e4r ovan, om du \u00e4r redo att G\u00c5 DJUPARE och ta snabba kliv fram\u00e5t som idrottare, ans\u00f6k nu och s\u00e5 kollar vi [&hellip;]\" \/>\n<meta property=\"og:url\" content=\"https:\/\/addanattitude.se\/sv\/vardevideo\/\" \/>\n<meta property=\"og:site_name\" content=\"Add An Attitude\" \/>\n<meta property=\"article:publisher\" content=\"https:\/\/www.facebook.com\/addanattitude\" \/>\n<meta property=\"article:modified_time\" content=\"2022-12-15T12:47:28+00:00\" \/>\n<meta name=\"twitter:card\" content=\"summary_large_image\" \/>\n<meta name=\"twitter:label1\" content=\"Ber\u00e4knad l\u00e4stid\" \/>\n\t<meta name=\"twitter:data1\" content=\"1 minut\" \/>\n<script type=\"application\/ld+json\" class=\"yoast-schema-graph\">{\"@context\":\"https:\/\/schema.org\",\"@graph\":[{\"@type\":\"WebPage\",\"@id\":\"https:\/\/addanattitude.se\/vardevideo\/\",\"url\":\"https:\/\/addanattitude.se\/vardevideo\/\",\"name\":\"V\u00e4rde video &#187; Add An Attitude\",\"isPartOf\":{\"@id\":\"https:\/\/addanattitude.se\/sv\/#website\"},\"datePublished\":\"2019-04-10T14:34:27+00:00\",\"dateModified\":\"2022-12-15T12:47:28+00:00\",\"breadcrumb\":{\"@id\":\"https:\/\/addanattitude.se\/vardevideo\/#breadcrumb\"},\"inLanguage\":\"sv-SE\",\"potentialAction\":[{\"@type\":\"ReadAction\",\"target\":[\"https:\/\/addanattitude.se\/vardevideo\/\"]}]},{\"@type\":\"BreadcrumbList\",\"@id\":\"https:\/\/addanattitude.se\/vardevideo\/#breadcrumb\",\"itemListElement\":[{\"@type\":\"ListItem\",\"position\":1,\"name\":\"Hem\",\"item\":\"https:\/\/addanattitude.se\/sv\/\"},{\"@type\":\"ListItem\",\"position\":2,\"name\":\"V\u00e4rde video\"}]},{\"@type\":\"WebSite\",\"@id\":\"https:\/\/addanattitude.se\/sv\/#website\",\"url\":\"https:\/\/addanattitude.se\/sv\/\",\"name\":\"Add An Attitude\",\"description\":\"Master the art of having a powerful mindset\",\"publisher\":{\"@id\":\"https:\/\/addanattitude.se\/sv\/#organization\"},\"potentialAction\":[{\"@type\":\"SearchAction\",\"target\":{\"@type\":\"EntryPoint\",\"urlTemplate\":\"https:\/\/addanattitude.se\/sv\/?s={search_term_string}\"},\"query-input\":{\"@type\":\"PropertyValueSpecification\",\"valueRequired\":true,\"valueName\":\"search_term_string\"}}],\"inLanguage\":\"sv-SE\"},{\"@type\":\"Organization\",\"@id\":\"https:\/\/addanattitude.se\/sv\/#organization\",\"name\":\"Maria Lindstr\u00f6m Aktiv\",\"url\":\"https:\/\/addanattitude.se\/sv\/\",\"logo\":{\"@type\":\"ImageObject\",\"inLanguage\":\"sv-SE\",\"@id\":\"https:\/\/addanattitude.se\/sv\/#\/schema\/logo\/image\/\",\"url\":\"https:\/\/addanattitude.se\/wp-content\/uploads\/2019\/04\/Dust-Road-Co.-1.png\",\"contentUrl\":\"https:\/\/addanattitude.se\/wp-content\/uploads\/2019\/04\/Dust-Road-Co.-1.png\",\"width\":500,\"height\":500,\"caption\":\"Maria Lindstr\u00f6m Aktiv\"},\"image\":{\"@id\":\"https:\/\/addanattitude.se\/sv\/#\/schema\/logo\/image\/\"},\"sameAs\":[\"https:\/\/www.facebook.com\/addanattitude\"]}]}<\/script>\n<!-- \/ Yoast SEO plugin. -->","yoast_head_json":{"title":"V\u00e4rde video &#187; Add An Attitude","robots":{"index":"index","follow":"follow","max-snippet":"max-snippet:-1","max-image-preview":"max-image-preview:large","max-video-preview":"max-video-preview:-1"},"canonical":"https:\/\/addanattitude.se\/sv\/vardevideo\/","og_locale":"sv_SE","og_type":"article","og_title":"V\u00e4rde video &#187; Add An Attitude","og_description":"Steg ett: Kolla in &#8221;case study videon nu https:\/\/www.youtube.com\/watch?v=BPj4aBxsX9Ihttps:\/\/www.youtube.com\/watch?v=JEG6qsiXWok Steg tv\u00e5: Anm\u00e4l dig h\u00e4r f\u00f6r ett samtal s\u00e5 vi kan se om jag kan hj\u00e4lpa dig. Efter du har absorberat all bra tr\u00e4ning h\u00e4r ovan, om du \u00e4r redo att G\u00c5 DJUPARE och ta snabba kliv fram\u00e5t som idrottare, ans\u00f6k nu och s\u00e5 kollar vi [&hellip;]","og_url":"https:\/\/addanattitude.se\/sv\/vardevideo\/","og_site_name":"Add An Attitude","article_publisher":"https:\/\/www.facebook.com\/addanattitude","article_modified_time":"2022-12-15T12:47:28+00:00","twitter_card":"summary_large_image","twitter_misc":{"Ber\u00e4knad l\u00e4stid":"1 minut"},"schema":{"@context":"https:\/\/schema.org","@graph":[{"@type":"WebPage","@id":"https:\/\/addanattitude.se\/vardevideo\/","url":"https:\/\/addanattitude.se\/vardevideo\/","name":"V\u00e4rde video &#187; Add An Attitude","isPartOf":{"@id":"https:\/\/addanattitude.se\/sv\/#website"},"datePublished":"2019-04-10T14:34:27+00:00","dateModified":"2022-12-15T12:47:28+00:00","breadcrumb":{"@id":"https:\/\/addanattitude.se\/vardevideo\/#breadcrumb"},"inLanguage":"sv-SE","potentialAction":[{"@type":"ReadAction","target":["https:\/\/addanattitude.se\/vardevideo\/"]}]},{"@type":"BreadcrumbList","@id":"https:\/\/addanattitude.se\/vardevideo\/#breadcrumb","itemListElement":[{"@type":"ListItem","position":1,"name":"Hem","item":"https:\/\/addanattitude.se\/sv\/"},{"@type":"ListItem","position":2,"name":"V\u00e4rde video"}]},{"@type":"WebSite","@id":"https:\/\/addanattitude.se\/sv\/#website","url":"https:\/\/addanattitude.se\/sv\/","name":"Add An Attitude","description":"Master the art of having a powerful mindset","publisher":{"@id":"https:\/\/addanattitude.se\/sv\/#organization"},"potentialAction":[{"@type":"SearchAction","target":{"@type":"EntryPoint","urlTemplate":"https:\/\/addanattitude.se\/sv\/?s={search_term_string}"},"query-input":{"@type":"PropertyValueSpecification","valueRequired":true,"valueName":"search_term_string"}}],"inLanguage":"sv-SE"},{"@type":"Organization","@id":"https:\/\/addanattitude.se\/sv\/#organization","name":"Maria Lindstr\u00f6m Aktiv","url":"https:\/\/addanattitude.se\/sv\/","logo":{"@type":"ImageObject","inLanguage":"sv-SE","@id":"https:\/\/addanattitude.se\/sv\/#\/schema\/logo\/image\/","url":"https:\/\/addanattitude.se\/wp-content\/uploads\/2019\/04\/Dust-Road-Co.-1.png","contentUrl":"https:\/\/addanattitude.se\/wp-content\/uploads\/2019\/04\/Dust-Road-Co.-1.png","width":500,"height":500,"caption":"Maria Lindstr\u00f6m Aktiv"},"image":{"@id":"https:\/\/addanattitude.se\/sv\/#\/schema\/logo\/image\/"},"sameAs":["https:\/\/www.facebook.com\/addanattitude"]}]}},"jetpack_sharing_enabled":true,"_links":{"self":[{"href":"https:\/\/addanattitude.se\/sv\/wp-json\/wp\/v2\/pages\/568","targetHints":{"allow":["GET"]}}],"collection":[{"href":"https:\/\/addanattitude.se\/sv\/wp-json\/wp\/v2\/pages"}],"about":[{"href":"https:\/\/addanattitude.se\/sv\/wp-json\/wp\/v2\/types\/page"}],"author":[{"embeddable":true,"href":"https:\/\/addanattitude.se\/sv\/wp-json\/wp\/v2\/users\/1"}],"replies":[{"embeddable":true,"href":"https:\/\/addanattitude.se\/sv\/wp-json\/wp\/v2\/comments?post=568"}],"version-history":[{"count":0,"href":"https:\/\/addanattitude.se\/sv\/wp-json\/wp\/v2\/pages\/568\/revisions"}],"wp:attachment":[{"href":"https:\/\/addanattitude.se\/sv\/wp-json\/wp\/v2\/media?parent=568"}],"curies":[{"name":"wp","href":"https:\/\/api.w.org\/{rel}","templated":true}]}}