{"id":4217,"date":"2022-02-24T11:03:28","date_gmt":"2022-02-24T11:03:28","guid":{"rendered":"https:\/\/addanattitude.se\/?page_id=4217"},"modified":"2022-12-16T13:17:29","modified_gmt":"2022-12-16T13:17:29","slug":"hur-du-far-battre-sjalvfortroende-genom-ett-arligt-inre-sjalvprat","status":"publish","type":"page","link":"https:\/\/addanattitude.se\/sv\/hur-du-far-battre-sjalvfortroende-genom-ett-arligt-inre-sjalvprat\/","title":{"rendered":"hur du f\u00e5r b\u00e4ttre sj\u00e4lvf\u00f6rtroende genom ett \u00e4rligt inre sj\u00e4lvprat\ufffc"},"content":{"rendered":"\t\t<div data-elementor-type=\"wp-page\" data-elementor-id=\"4217\" class=\"elementor elementor-4217\" data-elementor-post-type=\"page\">\n\t\t\t\t\t\t<section class=\"elementor-section elementor-top-section elementor-element elementor-element-20c47cb elementor-section-full_width elementor-section-height-default elementor-section-height-default\" data-id=\"20c47cb\" data-element_type=\"section\">\n\t\t\t\t\t\t\t<div class=\"elementor-background-overlay\"><\/div>\n\t\t\t\t\t\t\t<div class=\"elementor-container elementor-column-gap-default\">\n\t\t\t\t\t<div class=\"elementor-column elementor-col-100 elementor-top-column elementor-element elementor-element-bd42754\" data-id=\"bd42754\" data-element_type=\"column\" data-settings=\"{&quot;background_background&quot;:&quot;classic&quot;}\">\n\t\t\t<div class=\"elementor-widget-wrap elementor-element-populated\">\n\t\t\t\t\t<div class=\"elementor-background-overlay\"><\/div>\n\t\t\t\t\t\t<div class=\"elementor-element elementor-element-aaa5ce6 elementor-widget elementor-widget-heading\" data-id=\"aaa5ce6\" data-element_type=\"widget\" data-widget_type=\"heading.default\">\n\t\t\t\t<div class=\"elementor-widget-container\">\n\t\t\t\t\t<h4 class=\"elementor-heading-title elementor-size-default\"><span style=\"font-weight:normal\"><p dir=\"ltr\" style=\"line-height:1.38;margin-top:0pt;margin-bottom:0pt\"><span style=\"font-family: var( --e-global-typography-primary-font-family ), Georgia;font-size: 24px;font-style: normal;letter-spacing: 0.8px;font-weight: var( --e-global-typography-primary-font-weight );background-color: var( --e-global-color-primary )\">Hur du f\u00e5r b\u00e4ttre sj\u00e4lvf\u00f6rtroende genom ett \u00e4rligt inre sj\u00e4lv-prat.<\/span><span style=\"font-family: var( --e-global-typography-primary-font-family ), Georgia;font-size: 24px;font-style: normal;font-weight: var( --e-global-typography-primary-font-weight );letter-spacing: 0.8px;background-color: var( --e-global-color-primary )\"><\/span><\/p><\/span><\/h4>\t\t\t\t<\/div>\n\t\t\t\t<\/div>\n\t\t\t\t\t<\/div>\n\t\t<\/div>\n\t\t\t\t\t<\/div>\n\t\t<\/section>\n\t\t\t\t<section class=\"elementor-section elementor-top-section elementor-element elementor-element-9b86d86 elementor-section-boxed elementor-section-height-default elementor-section-height-default\" data-id=\"9b86d86\" data-element_type=\"section\">\n\t\t\t\t\t\t<div class=\"elementor-container elementor-column-gap-default\">\n\t\t\t\t\t<div class=\"elementor-column elementor-col-50 elementor-top-column elementor-element elementor-element-8f7030d\" data-id=\"8f7030d\" data-element_type=\"column\">\n\t\t\t<div class=\"elementor-widget-wrap elementor-element-populated\">\n\t\t\t\t\t\t<div class=\"elementor-element elementor-element-8659100 elementor-widget elementor-widget-image\" data-id=\"8659100\" data-element_type=\"widget\" data-widget_type=\"image.default\">\n\t\t\t\t<div class=\"elementor-widget-container\">\n\t\t\t\t\t\t\t\t\t\t\t\t\t\t\t<img fetchpriority=\"high\" decoding=\"async\" width=\"940\" height=\"788\" src=\"https:\/\/addanattitude.se\/wp-content\/uploads\/2021\/12\/Compulsivness.jpeg\" class=\"attachment-large size-large wp-image-4088\" alt=\"\" srcset=\"https:\/\/addanattitude.se\/wp-content\/uploads\/2021\/12\/Compulsivness.jpeg 940w, https:\/\/addanattitude.se\/wp-content\/uploads\/2021\/12\/Compulsivness-300x251.jpeg 300w, https:\/\/addanattitude.se\/wp-content\/uploads\/2021\/12\/Compulsivness-768x644.jpeg 768w, https:\/\/addanattitude.se\/wp-content\/uploads\/2021\/12\/Compulsivness-14x12.jpeg 14w\" sizes=\"(max-width: 940px) 100vw, 940px\" \/>\t\t\t\t\t\t\t\t\t\t\t\t\t\t\t<\/div>\n\t\t\t\t<\/div>\n\t\t\t\t\t<\/div>\n\t\t<\/div>\n\t\t\t\t<div class=\"elementor-column elementor-col-50 elementor-top-column elementor-element elementor-element-6f6494f\" data-id=\"6f6494f\" data-element_type=\"column\">\n\t\t\t<div class=\"elementor-widget-wrap elementor-element-populated\">\n\t\t\t\t\t\t<div class=\"elementor-element elementor-element-1c68f8e elementor-widget elementor-widget-text-editor\" data-id=\"1c68f8e\" data-element_type=\"widget\" data-widget_type=\"text-editor.default\">\n\t\t\t\t<div class=\"elementor-widget-container\">\n\t\t\t\t\t\t\t\t\t<p style=\"text-align: left;\"><span style=\"color: #000080;\">\u00a0<\/span><\/p><p style=\"text-align: center;\"><span style=\"color: #000080;\">N\u00e4r du fyllt i &#8211; kolla g\u00e4rna din inbox\/skr\u00e4ppost eftersom din download kommer ligga d\u00e4r och v\u00e4nta p\u00e5 dig.<\/span><\/p>\t\t\t\t\t\t\t\t<\/div>\n\t\t\t\t<\/div>\n\t\t\t\t<div class=\"elementor-element elementor-element-75218ec elementor-mobile-button-align-center elementor-button-align-center elementor-widget elementor-widget-form\" data-id=\"75218ec\" data-element_type=\"widget\" data-settings=\"{&quot;step_next_label&quot;:&quot;Next&quot;,&quot;step_previous_label&quot;:&quot;Previous&quot;,&quot;button_width&quot;:&quot;70&quot;,&quot;step_type&quot;:&quot;number_text&quot;,&quot;step_icon_shape&quot;:&quot;circle&quot;}\" data-widget_type=\"form.default\">\n\t\t\t\t<div class=\"elementor-widget-container\">\n\t\t\t\t\t\t\t<form class=\"elementor-form\" method=\"post\" name=\"New Form\">\n\t\t\t<input type=\"hidden\" name=\"post_id\" value=\"4217\"\/>\n\t\t\t<input type=\"hidden\" name=\"form_id\" value=\"75218ec\"\/>\n\t\t\t<input type=\"hidden\" name=\"referer_title\" value=\"Add An Attitude\" \/>\n\n\t\t\t\n\t\t\t<div class=\"elementor-form-fields-wrapper elementor-labels-\">\n\t\t\t\t\t\t\t\t<div class=\"elementor-field-type-text elementor-field-group elementor-column elementor-field-group-name elementor-col-60 elementor-field-required\">\n\t\t\t\t\t\t\t\t\t\t\t\t<label for=\"form-field-name\" class=\"elementor-field-label elementor-screen-only\">\n\t\t\t\t\t\t\t\tNamn\t\t\t\t\t\t\t<\/label>\n\t\t\t\t\t\t\t\t\t\t\t\t\t\t<input size=\"1\" type=\"text\" name=\"form_fields[name]\" id=\"form-field-name\" class=\"elementor-field elementor-size-sm  elementor-field-textual\" placeholder=\"Firsta namn\" required=\"required\">\n\t\t\t\t\t\t\t\t\t\t\t<\/div>\n\t\t\t\t\t\t\t\t<div class=\"elementor-field-type-email elementor-field-group elementor-column elementor-field-group-email elementor-col-100 elementor-field-required\">\n\t\t\t\t\t\t\t\t\t\t\t\t<label for=\"form-field-email\" class=\"elementor-field-label elementor-screen-only\">\n\t\t\t\t\t\t\t\tEmail\t\t\t\t\t\t\t<\/label>\n\t\t\t\t\t\t\t\t\t\t\t\t\t\t<input size=\"1\" type=\"email\" name=\"form_fields[email]\" id=\"form-field-email\" class=\"elementor-field elementor-size-sm  elementor-field-textual\" placeholder=\"Email\" required=\"required\">\n\t\t\t\t\t\t\t\t\t\t\t<\/div>\n\t\t\t\t\t\t\t\t<div class=\"elementor-field-group elementor-column elementor-field-type-submit elementor-col-70 e-form__buttons\">\n\t\t\t\t\t<button class=\"elementor-button elementor-size-md\" type=\"submit\">\n\t\t\t\t\t\t<span class=\"elementor-button-content-wrapper\">\n\t\t\t\t\t\t\t\t\t\t\t\t\t\t\t<span class=\"elementor-button-icon\">\n\t\t\t\t\t\t\t\t\t<i aria-hidden=\"true\" class=\"far fa-eye\"><\/i>\t\t\t\t\t\t\t\t\t\t\t\t\t\t\t\t\t<\/span>\n\t\t\t\t\t\t\t\t\t\t\t\t\t\t\t\t\t\t\t\t\t\t<span class=\"elementor-button-text\">Ja, jag vill g\u00e4rna ha den 9 min l\u00e5nga videon<\/span>\n\t\t\t\t\t\t\t\t\t\t\t\t\t<\/span>\n\t\t\t\t\t<\/button>\n\t\t\t\t<\/div>\n\t\t\t<\/div>\n\t\t<\/form>\n\t\t\t\t\t\t<\/div>\n\t\t\t\t<\/div>\n\t\t\t\t\t<\/div>\n\t\t<\/div>\n\t\t\t\t\t<\/div>\n\t\t<\/section>\n\t\t\t\t<section class=\"elementor-section elementor-top-section elementor-element elementor-element-82088ef elementor-section-boxed elementor-section-height-default elementor-section-height-default\" data-id=\"82088ef\" data-element_type=\"section\">\n\t\t\t\t\t\t<div class=\"elementor-container elementor-column-gap-default\">\n\t\t\t\t\t<div class=\"elementor-column elementor-col-100 elementor-top-column elementor-element elementor-element-2a9a1b5\" data-id=\"2a9a1b5\" data-element_type=\"column\">\n\t\t\t<div class=\"elementor-widget-wrap elementor-element-populated\">\n\t\t\t\t\t\t<div class=\"elementor-element elementor-element-d445547 elementor-widget elementor-widget-image\" data-id=\"d445547\" data-element_type=\"widget\" data-widget_type=\"image.default\">\n\t\t\t\t<div class=\"elementor-widget-container\">\n\t\t\t\t\t\t\t\t\t\t\t\t\t\t\t<img decoding=\"async\" width=\"204\" height=\"48\" src=\"https:\/\/addanattitude.se\/wp-content\/uploads\/2017\/01\/cropped-2016_Facebook_Banner-3.png\" class=\"attachment-large size-large wp-image-555\" alt=\"\" \/>\t\t\t\t\t\t\t\t\t\t\t\t\t\t\t<\/div>\n\t\t\t\t<\/div>\n\t\t\t\t\t<\/div>\n\t\t<\/div>\n\t\t\t\t\t<\/div>\n\t\t<\/section>\n\t\t\t\t<section class=\"elementor-section elementor-top-section elementor-element elementor-element-92681f3 elementor-section-boxed elementor-section-height-default elementor-section-height-default\" data-id=\"92681f3\" data-element_type=\"section\" data-no-translation=\"\">\n\t\t\t\t\t\t<div class=\"elementor-container elementor-column-gap-default\">\n\t\t\t\t\t<div class=\"elementor-column elementor-col-100 elementor-top-column elementor-element elementor-element-31c08f4\" data-id=\"31c08f4\" data-element_type=\"column\">\n\t\t\t<div class=\"elementor-widget-wrap\">\n\t\t\t\t\t\t\t<\/div>\n\t\t<\/div>\n\t\t\t\t\t<\/div>\n\t\t<\/section>\n\t\t\t\t<\/div>\n\t\t","protected":false},"excerpt":{"rendered":"<p>Hur du f\u00e5r b\u00e4ttre sj\u00e4lvf\u00f6rtroende genom ett \u00e4rligt inre sj\u00e4lv-prat. \u00a0 N\u00e4r du fyllt i &#8211; kolla g\u00e4rna din inbox\/skr\u00e4ppost eftersom din download kommer ligga d\u00e4r och v\u00e4nta p\u00e5 dig. \u00a0 When you submitted &#8211; check your spam folder and inbox. That is where your download will be waiting for you.<\/p>\n","protected":false},"author":1,"featured_media":0,"parent":0,"menu_order":17,"comment_status":"closed","ping_status":"closed","template":"elementor_header_footer","meta":{"_monsterinsights_skip_tracking":false,"_monsterinsights_sitenote_active":false,"_monsterinsights_sitenote_note":"","_monsterinsights_sitenote_category":0,"ocean_post_layout":"","ocean_both_sidebars_style":"","ocean_both_sidebars_content_width":0,"ocean_both_sidebars_sidebars_width":0,"ocean_sidebar":"0","ocean_second_sidebar":"0","ocean_disable_margins":"enable","ocean_add_body_class":"","ocean_shortcode_before_top_bar":"","ocean_shortcode_after_top_bar":"","ocean_shortcode_before_header":"","ocean_shortcode_after_header":"","ocean_has_shortcode":"","ocean_shortcode_after_title":"","ocean_shortcode_before_footer_widgets":"","ocean_shortcode_after_footer_widgets":"","ocean_shortcode_before_footer_bottom":"","ocean_shortcode_after_footer_bottom":"","ocean_display_top_bar":"default","ocean_display_header":"default","ocean_header_style":"","ocean_center_header_left_menu":"0","ocean_custom_header_template":"0","ocean_custom_logo":0,"ocean_custom_retina_logo":0,"ocean_custom_logo_max_width":0,"ocean_custom_logo_tablet_max_width":0,"ocean_custom_logo_mobile_max_width":0,"ocean_custom_logo_max_height":0,"ocean_custom_logo_tablet_max_height":0,"ocean_custom_logo_mobile_max_height":0,"ocean_header_custom_menu":"0","ocean_menu_typo_font_family":"0","ocean_menu_typo_font_subset":"","ocean_menu_typo_font_size":0,"ocean_menu_typo_font_size_tablet":0,"ocean_menu_typo_font_size_mobile":0,"ocean_menu_typo_font_size_unit":"px","ocean_menu_typo_font_weight":"","ocean_menu_typo_font_weight_tablet":"","ocean_menu_typo_font_weight_mobile":"","ocean_menu_typo_transform":"","ocean_menu_typo_transform_tablet":"","ocean_menu_typo_transform_mobile":"","ocean_menu_typo_line_height":0,"ocean_menu_typo_line_height_tablet":0,"ocean_menu_typo_line_height_mobile":0,"ocean_menu_typo_line_height_unit":"","ocean_menu_typo_spacing":0,"ocean_menu_typo_spacing_tablet":0,"ocean_menu_typo_spacing_mobile":0,"ocean_menu_typo_spacing_unit":"","ocean_menu_link_color":"","ocean_menu_link_color_hover":"","ocean_menu_link_color_active":"","ocean_menu_link_background":"","ocean_menu_link_hover_background":"","ocean_menu_link_active_background":"","ocean_menu_social_links_bg":"","ocean_menu_social_hover_links_bg":"","ocean_menu_social_links_color":"","ocean_menu_social_hover_links_color":"","ocean_disable_title":"default","ocean_disable_heading":"default","ocean_post_title":"","ocean_post_subheading":"","ocean_post_title_style":"","ocean_post_title_background_color":"","ocean_post_title_background":0,"ocean_post_title_bg_image_position":"","ocean_post_title_bg_image_attachment":"","ocean_post_title_bg_image_repeat":"","ocean_post_title_bg_image_size":"","ocean_post_title_height":0,"ocean_post_title_bg_overlay":0.5,"ocean_post_title_bg_overlay_color":"","ocean_disable_breadcrumbs":"default","ocean_breadcrumbs_color":"","ocean_breadcrumbs_separator_color":"","ocean_breadcrumbs_links_color":"","ocean_breadcrumbs_links_hover_color":"","ocean_display_footer_widgets":"default","ocean_display_footer_bottom":"default","ocean_custom_footer_template":"0","footnotes":""},"class_list":["post-4217","page","type-page","status-publish","hentry","entry"],"yoast_head":"<!-- This site is optimized with the Yoast SEO plugin v24.7 - https:\/\/yoast.com\/wordpress\/plugins\/seo\/ -->\n<title>hur du f\u00e5r b\u00e4ttre sj\u00e4lvf\u00f6rtroende genom ett \u00e4rligt inre sj\u00e4lvprat\ufffc &#187; Add An Attitude<\/title>\n<meta name=\"robots\" content=\"index, follow, max-snippet:-1, max-image-preview:large, max-video-preview:-1\" \/>\n<link rel=\"canonical\" href=\"https:\/\/addanattitude.se\/sv\/hur-du-far-battre-sjalvfortroende-genom-ett-arligt-inre-sjalvprat\/\" \/>\n<meta property=\"og:locale\" content=\"sv_SE\" \/>\n<meta property=\"og:type\" content=\"article\" \/>\n<meta property=\"og:title\" content=\"hur du f\u00e5r b\u00e4ttre sj\u00e4lvf\u00f6rtroende genom ett \u00e4rligt inre sj\u00e4lvprat\ufffc &#187; Add An Attitude\" \/>\n<meta property=\"og:description\" content=\"Hur du f\u00e5r b\u00e4ttre sj\u00e4lvf\u00f6rtroende genom ett \u00e4rligt inre sj\u00e4lv-prat. \u00a0 N\u00e4r du fyllt i &#8211; kolla g\u00e4rna din inbox\/skr\u00e4ppost eftersom din download kommer ligga d\u00e4r och v\u00e4nta p\u00e5 dig. \u00a0 When you submitted &#8211; check your spam folder and inbox. That is where your download will be waiting for you.\" \/>\n<meta property=\"og:url\" content=\"https:\/\/addanattitude.se\/sv\/hur-du-far-battre-sjalvfortroende-genom-ett-arligt-inre-sjalvprat\/\" \/>\n<meta property=\"og:site_name\" content=\"Add An Attitude\" \/>\n<meta property=\"article:publisher\" content=\"https:\/\/www.facebook.com\/addanattitude\" \/>\n<meta property=\"article:modified_time\" content=\"2022-12-16T13:17:29+00:00\" \/>\n<meta property=\"og:image\" content=\"http:\/\/addanattitude.se\/wp-content\/uploads\/2021\/12\/Compulsivness.jpeg\" \/>\n<meta name=\"twitter:card\" content=\"summary_large_image\" \/>\n<meta name=\"twitter:label1\" content=\"Ber\u00e4knad l\u00e4stid\" \/>\n\t<meta name=\"twitter:data1\" content=\"1 minut\" \/>\n<script type=\"application\/ld+json\" class=\"yoast-schema-graph\">{\"@context\":\"https:\/\/schema.org\",\"@graph\":[{\"@type\":\"WebPage\",\"@id\":\"https:\/\/addanattitude.se\/hur-du-far-battre-sjalvfortroende-genom-ett-arligt-inre-sjalvprat\/\",\"url\":\"https:\/\/addanattitude.se\/hur-du-far-battre-sjalvfortroende-genom-ett-arligt-inre-sjalvprat\/\",\"name\":\"hur du f\u00e5r b\u00e4ttre sj\u00e4lvf\u00f6rtroende genom ett \u00e4rligt inre sj\u00e4lvprat\ufffc &#187; Add An Attitude\",\"isPartOf\":{\"@id\":\"https:\/\/addanattitude.se\/sv\/#website\"},\"primaryImageOfPage\":{\"@id\":\"https:\/\/addanattitude.se\/hur-du-far-battre-sjalvfortroende-genom-ett-arligt-inre-sjalvprat\/#primaryimage\"},\"image\":{\"@id\":\"https:\/\/addanattitude.se\/hur-du-far-battre-sjalvfortroende-genom-ett-arligt-inre-sjalvprat\/#primaryimage\"},\"thumbnailUrl\":\"http:\/\/addanattitude.se\/wp-content\/uploads\/2021\/12\/Compulsivness.jpeg\",\"datePublished\":\"2022-02-24T11:03:28+00:00\",\"dateModified\":\"2022-12-16T13:17:29+00:00\",\"breadcrumb\":{\"@id\":\"https:\/\/addanattitude.se\/hur-du-far-battre-sjalvfortroende-genom-ett-arligt-inre-sjalvprat\/#breadcrumb\"},\"inLanguage\":\"sv-SE\",\"potentialAction\":[{\"@type\":\"ReadAction\",\"target\":[\"https:\/\/addanattitude.se\/hur-du-far-battre-sjalvfortroende-genom-ett-arligt-inre-sjalvprat\/\"]}]},{\"@type\":\"ImageObject\",\"inLanguage\":\"sv-SE\",\"@id\":\"https:\/\/addanattitude.se\/hur-du-far-battre-sjalvfortroende-genom-ett-arligt-inre-sjalvprat\/#primaryimage\",\"url\":\"http:\/\/addanattitude.se\/wp-content\/uploads\/2021\/12\/Compulsivness.jpeg\",\"contentUrl\":\"http:\/\/addanattitude.se\/wp-content\/uploads\/2021\/12\/Compulsivness.jpeg\"},{\"@type\":\"BreadcrumbList\",\"@id\":\"https:\/\/addanattitude.se\/hur-du-far-battre-sjalvfortroende-genom-ett-arligt-inre-sjalvprat\/#breadcrumb\",\"itemListElement\":[{\"@type\":\"ListItem\",\"position\":1,\"name\":\"Hem\",\"item\":\"https:\/\/addanattitude.se\/sv\/\"},{\"@type\":\"ListItem\",\"position\":2,\"name\":\"hur du f\u00e5r b\u00e4ttre sj\u00e4lvf\u00f6rtroende genom ett \u00e4rligt inre sj\u00e4lvprat\ufffc\"}]},{\"@type\":\"WebSite\",\"@id\":\"https:\/\/addanattitude.se\/sv\/#website\",\"url\":\"https:\/\/addanattitude.se\/sv\/\",\"name\":\"Add An Attitude\",\"description\":\"Master the art of having a powerful mindset\",\"publisher\":{\"@id\":\"https:\/\/addanattitude.se\/sv\/#organization\"},\"potentialAction\":[{\"@type\":\"SearchAction\",\"target\":{\"@type\":\"EntryPoint\",\"urlTemplate\":\"https:\/\/addanattitude.se\/sv\/?s={search_term_string}\"},\"query-input\":{\"@type\":\"PropertyValueSpecification\",\"valueRequired\":true,\"valueName\":\"search_term_string\"}}],\"inLanguage\":\"sv-SE\"},{\"@type\":\"Organization\",\"@id\":\"https:\/\/addanattitude.se\/sv\/#organization\",\"name\":\"Maria Lindstr\u00f6m Aktiv\",\"url\":\"https:\/\/addanattitude.se\/sv\/\",\"logo\":{\"@type\":\"ImageObject\",\"inLanguage\":\"sv-SE\",\"@id\":\"https:\/\/addanattitude.se\/sv\/#\/schema\/logo\/image\/\",\"url\":\"https:\/\/addanattitude.se\/wp-content\/uploads\/2019\/04\/Dust-Road-Co.-1.png\",\"contentUrl\":\"https:\/\/addanattitude.se\/wp-content\/uploads\/2019\/04\/Dust-Road-Co.-1.png\",\"width\":500,\"height\":500,\"caption\":\"Maria Lindstr\u00f6m Aktiv\"},\"image\":{\"@id\":\"https:\/\/addanattitude.se\/sv\/#\/schema\/logo\/image\/\"},\"sameAs\":[\"https:\/\/www.facebook.com\/addanattitude\"]}]}<\/script>\n<!-- \/ Yoast SEO plugin. -->","yoast_head_json":{"title":"hur du f\u00e5r b\u00e4ttre sj\u00e4lvf\u00f6rtroende genom ett \u00e4rligt inre sj\u00e4lvprat\ufffc &#187; Add An Attitude","robots":{"index":"index","follow":"follow","max-snippet":"max-snippet:-1","max-image-preview":"max-image-preview:large","max-video-preview":"max-video-preview:-1"},"canonical":"https:\/\/addanattitude.se\/sv\/hur-du-far-battre-sjalvfortroende-genom-ett-arligt-inre-sjalvprat\/","og_locale":"sv_SE","og_type":"article","og_title":"hur du f\u00e5r b\u00e4ttre sj\u00e4lvf\u00f6rtroende genom ett \u00e4rligt inre sj\u00e4lvprat\ufffc &#187; Add An Attitude","og_description":"Hur du f\u00e5r b\u00e4ttre sj\u00e4lvf\u00f6rtroende genom ett \u00e4rligt inre sj\u00e4lv-prat. \u00a0 N\u00e4r du fyllt i &#8211; kolla g\u00e4rna din inbox\/skr\u00e4ppost eftersom din download kommer ligga d\u00e4r och v\u00e4nta p\u00e5 dig. \u00a0 When you submitted &#8211; check your spam folder and inbox. That is where your download will be waiting for you.","og_url":"https:\/\/addanattitude.se\/sv\/hur-du-far-battre-sjalvfortroende-genom-ett-arligt-inre-sjalvprat\/","og_site_name":"Add An Attitude","article_publisher":"https:\/\/www.facebook.com\/addanattitude","article_modified_time":"2022-12-16T13:17:29+00:00","og_image":[{"url":"http:\/\/addanattitude.se\/wp-content\/uploads\/2021\/12\/Compulsivness.jpeg","type":"","width":"","height":""}],"twitter_card":"summary_large_image","twitter_misc":{"Ber\u00e4knad l\u00e4stid":"1 minut"},"schema":{"@context":"https:\/\/schema.org","@graph":[{"@type":"WebPage","@id":"https:\/\/addanattitude.se\/hur-du-far-battre-sjalvfortroende-genom-ett-arligt-inre-sjalvprat\/","url":"https:\/\/addanattitude.se\/hur-du-far-battre-sjalvfortroende-genom-ett-arligt-inre-sjalvprat\/","name":"hur du f\u00e5r b\u00e4ttre sj\u00e4lvf\u00f6rtroende genom ett \u00e4rligt inre sj\u00e4lvprat\ufffc &#187; Add An Attitude","isPartOf":{"@id":"https:\/\/addanattitude.se\/sv\/#website"},"primaryImageOfPage":{"@id":"https:\/\/addanattitude.se\/hur-du-far-battre-sjalvfortroende-genom-ett-arligt-inre-sjalvprat\/#primaryimage"},"image":{"@id":"https:\/\/addanattitude.se\/hur-du-far-battre-sjalvfortroende-genom-ett-arligt-inre-sjalvprat\/#primaryimage"},"thumbnailUrl":"http:\/\/addanattitude.se\/wp-content\/uploads\/2021\/12\/Compulsivness.jpeg","datePublished":"2022-02-24T11:03:28+00:00","dateModified":"2022-12-16T13:17:29+00:00","breadcrumb":{"@id":"https:\/\/addanattitude.se\/hur-du-far-battre-sjalvfortroende-genom-ett-arligt-inre-sjalvprat\/#breadcrumb"},"inLanguage":"sv-SE","potentialAction":[{"@type":"ReadAction","target":["https:\/\/addanattitude.se\/hur-du-far-battre-sjalvfortroende-genom-ett-arligt-inre-sjalvprat\/"]}]},{"@type":"ImageObject","inLanguage":"sv-SE","@id":"https:\/\/addanattitude.se\/hur-du-far-battre-sjalvfortroende-genom-ett-arligt-inre-sjalvprat\/#primaryimage","url":"http:\/\/addanattitude.se\/wp-content\/uploads\/2021\/12\/Compulsivness.jpeg","contentUrl":"http:\/\/addanattitude.se\/wp-content\/uploads\/2021\/12\/Compulsivness.jpeg"},{"@type":"BreadcrumbList","@id":"https:\/\/addanattitude.se\/hur-du-far-battre-sjalvfortroende-genom-ett-arligt-inre-sjalvprat\/#breadcrumb","itemListElement":[{"@type":"ListItem","position":1,"name":"Hem","item":"https:\/\/addanattitude.se\/sv\/"},{"@type":"ListItem","position":2,"name":"hur du f\u00e5r b\u00e4ttre sj\u00e4lvf\u00f6rtroende genom ett \u00e4rligt inre sj\u00e4lvprat\ufffc"}]},{"@type":"WebSite","@id":"https:\/\/addanattitude.se\/sv\/#website","url":"https:\/\/addanattitude.se\/sv\/","name":"Add An Attitude","description":"Master the art of having a powerful mindset","publisher":{"@id":"https:\/\/addanattitude.se\/sv\/#organization"},"potentialAction":[{"@type":"SearchAction","target":{"@type":"EntryPoint","urlTemplate":"https:\/\/addanattitude.se\/sv\/?s={search_term_string}"},"query-input":{"@type":"PropertyValueSpecification","valueRequired":true,"valueName":"search_term_string"}}],"inLanguage":"sv-SE"},{"@type":"Organization","@id":"https:\/\/addanattitude.se\/sv\/#organization","name":"Maria Lindstr\u00f6m Aktiv","url":"https:\/\/addanattitude.se\/sv\/","logo":{"@type":"ImageObject","inLanguage":"sv-SE","@id":"https:\/\/addanattitude.se\/sv\/#\/schema\/logo\/image\/","url":"https:\/\/addanattitude.se\/wp-content\/uploads\/2019\/04\/Dust-Road-Co.-1.png","contentUrl":"https:\/\/addanattitude.se\/wp-content\/uploads\/2019\/04\/Dust-Road-Co.-1.png","width":500,"height":500,"caption":"Maria Lindstr\u00f6m Aktiv"},"image":{"@id":"https:\/\/addanattitude.se\/sv\/#\/schema\/logo\/image\/"},"sameAs":["https:\/\/www.facebook.com\/addanattitude"]}]}},"jetpack_sharing_enabled":true,"_links":{"self":[{"href":"https:\/\/addanattitude.se\/sv\/wp-json\/wp\/v2\/pages\/4217","targetHints":{"allow":["GET"]}}],"collection":[{"href":"https:\/\/addanattitude.se\/sv\/wp-json\/wp\/v2\/pages"}],"about":[{"href":"https:\/\/addanattitude.se\/sv\/wp-json\/wp\/v2\/types\/page"}],"author":[{"embeddable":true,"href":"https:\/\/addanattitude.se\/sv\/wp-json\/wp\/v2\/users\/1"}],"replies":[{"embeddable":true,"href":"https:\/\/addanattitude.se\/sv\/wp-json\/wp\/v2\/comments?post=4217"}],"version-history":[{"count":0,"href":"https:\/\/addanattitude.se\/sv\/wp-json\/wp\/v2\/pages\/4217\/revisions"}],"wp:attachment":[{"href":"https:\/\/addanattitude.se\/sv\/wp-json\/wp\/v2\/media?parent=4217"}],"curies":[{"name":"wp","href":"https:\/\/api.w.org\/{rel}","templated":true}]}}