{"id":729,"date":"2019-04-12T18:17:11","date_gmt":"2019-04-12T18:17:11","guid":{"rendered":"https:\/\/addanattitude.se\/?page_id=729"},"modified":"2022-12-15T15:39:20","modified_gmt":"2022-12-15T15:39:20","slug":"om-maria","status":"publish","type":"page","link":"https:\/\/addanattitude.se\/en\/om-maria\/","title":{"rendered":"About Maria"},"content":{"rendered":"<div data-elementor-type=\"wp-post\" data-elementor-id=\"729\" class=\"elementor elementor-729\" data-elementor-post-type=\"page\">\n\t\t\t\t\t\t<section class=\"elementor-section elementor-top-section elementor-element elementor-element-7e65781 elementor-section-boxed elementor-section-height-default elementor-section-height-default\" data-id=\"7e65781\" data-element_type=\"section\">\n\t\t\t\t\t\t<div class=\"elementor-container elementor-column-gap-default\">\n\t\t\t\t\t<div class=\"elementor-column elementor-col-50 elementor-top-column elementor-element elementor-element-3f0cd1c\" data-id=\"3f0cd1c\" data-element_type=\"column\">\n\t\t\t<div class=\"elementor-widget-wrap elementor-element-populated\">\n\t\t\t\t\t\t<div class=\"elementor-element elementor-element-69e0e0b elementor-position-top elementor-widget elementor-widget-image-box\" data-id=\"69e0e0b\" data-element_type=\"widget\" data-widget_type=\"image-box.default\">\n\t\t\t\t<div class=\"elementor-widget-container\">\n\t\t\t\t\t<div class=\"elementor-image-box-wrapper\"><figure class=\"elementor-image-box-img\"><img fetchpriority=\"high\" decoding=\"async\" width=\"2048\" height=\"1957\" src=\"https:\/\/addanattitude.se\/wp-content\/uploads\/2022\/09\/IMG_6293-scaled.jpeg\" class=\"attachment-full size-full wp-image-4418\" alt=\"\" srcset=\"https:\/\/addanattitude.se\/wp-content\/uploads\/2022\/09\/IMG_6293-scaled.jpeg 2048w, https:\/\/addanattitude.se\/wp-content\/uploads\/2022\/09\/IMG_6293-300x287.jpeg 300w, https:\/\/addanattitude.se\/wp-content\/uploads\/2022\/09\/IMG_6293-1024x979.jpeg 1024w, https:\/\/addanattitude.se\/wp-content\/uploads\/2022\/09\/IMG_6293-768x734.jpeg 768w, https:\/\/addanattitude.se\/wp-content\/uploads\/2022\/09\/IMG_6293-1536x1468.jpeg 1536w, https:\/\/addanattitude.se\/wp-content\/uploads\/2022\/09\/IMG_6293-13x12.jpeg 13w\" sizes=\"(max-width: 2048px) 100vw, 2048px\" \/><\/figure><\/div>\t\t\t\t<\/div>\n\t\t\t\t<\/div>\n\t\t\t\t\t<\/div>\n\t\t<\/div>\n\t\t\t\t<div class=\"elementor-column elementor-col-50 elementor-top-column elementor-element elementor-element-4e446f5\" data-id=\"4e446f5\" data-element_type=\"column\">\n\t\t\t<div class=\"elementor-widget-wrap elementor-element-populated\">\n\t\t\t\t\t\t<div class=\"elementor-element elementor-element-7fee838 elementor-widget elementor-widget-text-editor\" data-id=\"7fee838\" data-element_type=\"widget\" data-widget_type=\"text-editor.default\">\n\t\t\t\t<div class=\"elementor-widget-container\">\n\t\t\t\t\t\t\t\t\t<p class=\"lplh-29\">\n<\/p><p style=\"text-align: center;\">\n<\/p><p style=\"text-align: center;\">\n<\/p><p style=\"text-align: center;\">\n<\/p><p class=\"lplh-29\">\n<\/p><p><b>Idrottare i olika sporter kommer till mig n\u00e4r de vill uppn\u00e5 b\u00e4ttre resultat och m\u00e4rker att deras mindset blockerar dom f\u00f6r att ta n\u00e4sta kliv i deras utveckling.<\/b><\/p>\n<p class=\"lplh-29\">\n<\/p><p><span style=\"font-weight: 400;\">Det \u00e4r en m\u00e4nniska som ska utf\u00f6ra tekniken och fysiken inom idrotten. Att veta hur du ska t\u00e4nka f\u00f6r att frig\u00f6ra dessa f\u00f6rm\u00e5gor &#8211; \u00e4r ingrediensen alla idrottspersoner beh\u00f6ver ha.<\/span><\/p>\n<p class=\"lplh-29\">\n<\/p><p><b>Att hj\u00e4lpa idrottare att f\u00e5 en strukturen p\u00e5 denna del av sporten &#8211; mindset tr\u00e4ning &#8211;&nbsp; \u00e4r vad jag g\u00f6r b\u00e4st.<\/b><\/p>\n<p class=\"lplh-29\">\n<\/p><p><span style=\"font-weight: 400;\">Titlar i b\u00e5de singel och dubbel under mina 11 \u00e5r p\u00e5 WTA Tour, samt kvartsfinal i s\u00e5v\u00e4l Wimbledon som Australian Open \u00e4r ett axplock fr\u00e5n meritlistan. 1992 representerar jag Sverige i OS. Efter karri\u00e4ren utbildade jag mig till mental tr\u00e4nare och har de sista 20 \u00e5ren coachat p\u00e5 b\u00e5de individ- och gruppniv\u00e5.&nbsp;<\/span><\/p>\n<p><a href=\"https:\/\/bit.ly\/freenerves\"><b>https:\/\/bit.ly\/freenerves<\/b><\/a><\/p>\n<p><a href=\"https:\/\/www.instagram.com\/addanattitude\/\"><b>https:\/\/www.instagram.com\/addanattitude\/<\/b><\/a><\/p>\n<p><a href=\"https:\/\/www.facebook.com\/maria.lindstrom.775\"><b>https:\/\/www.facebook.com\/maria.lindstrom.775<\/b><\/a><\/p>\n<p><\/p>\t\t\t\t\t\t\t\t<\/div>\n\t\t\t\t<\/div>\n\t\t\t\t\t<\/div>\n\t\t<\/div>\n\t\t\t\t\t<\/div>\n\t\t<\/section>\n\t\t\t\t<section class=\"elementor-section elementor-top-section elementor-element elementor-element-badc600 elementor-section-boxed elementor-section-height-default elementor-section-height-default\" data-id=\"badc600\" data-element_type=\"section\">\n\t\t\t\t\t\t<div class=\"elementor-container elementor-column-gap-default\">\n\t\t\t\t\t<div class=\"elementor-column elementor-col-100 elementor-top-column elementor-element elementor-element-ae2dca8\" data-id=\"ae2dca8\" data-element_type=\"column\">\n\t\t\t<div class=\"elementor-widget-wrap elementor-element-populated\">\n\t\t\t\t\t\t<div class=\"elementor-element elementor-element-5324ff6 elementor-widget elementor-widget-text-editor\" data-id=\"5324ff6\" data-element_type=\"widget\" data-widget_type=\"text-editor.default\">\n\t\t\t\t<div class=\"elementor-widget-container\">\n\t\t\t\t\t\t\t\t\t<p style=\"text-align: center;\">Master the art of having a powerful mindset and you will compete at your highest level.<\/p>\t\t\t\t\t\t\t\t<\/div>\n\t\t\t\t<\/div>\n\t\t\t\t\t<\/div>\n\t\t<\/div>\n\t\t\t\t\t<\/div>\n\t\t<\/section>\n\t\t\t\t<\/div>","protected":false},"excerpt":{"rendered":"<p>Idrottare i olika sporter kommer till mig n\u00e4r de vill uppn\u00e5 b\u00e4ttre resultat och m\u00e4rker att deras mindset blockerar dom f\u00f6r att ta n\u00e4sta kliv i deras utveckling. Det \u00e4r en m\u00e4nniska som ska utf\u00f6ra tekniken och fysiken inom idrotten. Att veta hur du ska t\u00e4nka f\u00f6r att frig\u00f6ra dessa f\u00f6rm\u00e5gor &#8211; \u00e4r ingrediensen alla [&hellip;]<\/p>","protected":false},"author":1,"featured_media":0,"parent":0,"menu_order":21,"comment_status":"closed","ping_status":"closed","template":"elementor_header_footer","meta":{"_monsterinsights_skip_tracking":false,"_monsterinsights_sitenote_active":false,"_monsterinsights_sitenote_note":"","_monsterinsights_sitenote_category":0,"ocean_post_layout":"","ocean_both_sidebars_style":"","ocean_both_sidebars_content_width":0,"ocean_both_sidebars_sidebars_width":0,"ocean_sidebar":"0","ocean_second_sidebar":"0","ocean_disable_margins":"enable","ocean_add_body_class":"","ocean_shortcode_before_top_bar":"","ocean_shortcode_after_top_bar":"","ocean_shortcode_before_header":"","ocean_shortcode_after_header":"","ocean_has_shortcode":"","ocean_shortcode_after_title":"","ocean_shortcode_before_footer_widgets":"","ocean_shortcode_after_footer_widgets":"","ocean_shortcode_before_footer_bottom":"","ocean_shortcode_after_footer_bottom":"","ocean_display_top_bar":"default","ocean_display_header":"default","ocean_header_style":"","ocean_center_header_left_menu":"0","ocean_custom_header_template":"0","ocean_custom_logo":0,"ocean_custom_retina_logo":0,"ocean_custom_logo_max_width":0,"ocean_custom_logo_tablet_max_width":0,"ocean_custom_logo_mobile_max_width":0,"ocean_custom_logo_max_height":0,"ocean_custom_logo_tablet_max_height":0,"ocean_custom_logo_mobile_max_height":0,"ocean_header_custom_menu":"0","ocean_menu_typo_font_family":"0","ocean_menu_typo_font_subset":"","ocean_menu_typo_font_size":0,"ocean_menu_typo_font_size_tablet":0,"ocean_menu_typo_font_size_mobile":0,"ocean_menu_typo_font_size_unit":"px","ocean_menu_typo_font_weight":"","ocean_menu_typo_font_weight_tablet":"","ocean_menu_typo_font_weight_mobile":"","ocean_menu_typo_transform":"","ocean_menu_typo_transform_tablet":"","ocean_menu_typo_transform_mobile":"","ocean_menu_typo_line_height":0,"ocean_menu_typo_line_height_tablet":0,"ocean_menu_typo_line_height_mobile":0,"ocean_menu_typo_line_height_unit":"","ocean_menu_typo_spacing":0,"ocean_menu_typo_spacing_tablet":0,"ocean_menu_typo_spacing_mobile":0,"ocean_menu_typo_spacing_unit":"","ocean_menu_link_color":"","ocean_menu_link_color_hover":"","ocean_menu_link_color_active":"","ocean_menu_link_background":"","ocean_menu_link_hover_background":"","ocean_menu_link_active_background":"","ocean_menu_social_links_bg":"","ocean_menu_social_hover_links_bg":"","ocean_menu_social_links_color":"","ocean_menu_social_hover_links_color":"","ocean_disable_title":"default","ocean_disable_heading":"default","ocean_post_title":"","ocean_post_subheading":"","ocean_post_title_style":"","ocean_post_title_background_color":"","ocean_post_title_background":0,"ocean_post_title_bg_image_position":"","ocean_post_title_bg_image_attachment":"","ocean_post_title_bg_image_repeat":"","ocean_post_title_bg_image_size":"","ocean_post_title_height":0,"ocean_post_title_bg_overlay":0.5,"ocean_post_title_bg_overlay_color":"","ocean_disable_breadcrumbs":"default","ocean_breadcrumbs_color":"","ocean_breadcrumbs_separator_color":"","ocean_breadcrumbs_links_color":"","ocean_breadcrumbs_links_hover_color":"","ocean_display_footer_widgets":"default","ocean_display_footer_bottom":"default","ocean_custom_footer_template":"0","footnotes":""},"class_list":["post-729","page","type-page","status-publish","hentry","entry"],"yoast_head":"<!-- This site is optimized with the Yoast SEO plugin v24.7 - https:\/\/yoast.com\/wordpress\/plugins\/seo\/ -->\n<title>Om Maria &#187; Add An Attitude<\/title>\n<meta name=\"robots\" content=\"index, follow, max-snippet:-1, max-image-preview:large, max-video-preview:-1\" \/>\n<link rel=\"canonical\" href=\"https:\/\/addanattitude.se\/en\/om-maria\/\" \/>\n<meta property=\"og:locale\" content=\"en_US\" \/>\n<meta property=\"og:type\" content=\"article\" \/>\n<meta property=\"og:title\" content=\"Om Maria &#187; Add An Attitude\" \/>\n<meta property=\"og:description\" content=\"Idrottare i olika sporter kommer till mig n\u00e4r de vill uppn\u00e5 b\u00e4ttre resultat och m\u00e4rker att deras mindset blockerar dom f\u00f6r att ta n\u00e4sta kliv i deras utveckling. Det \u00e4r en m\u00e4nniska som ska utf\u00f6ra tekniken och fysiken inom idrotten. Att veta hur du ska t\u00e4nka f\u00f6r att frig\u00f6ra dessa f\u00f6rm\u00e5gor &#8211; \u00e4r ingrediensen alla [&hellip;]\" \/>\n<meta property=\"og:url\" content=\"https:\/\/addanattitude.se\/en\/om-maria\/\" \/>\n<meta property=\"og:site_name\" content=\"Add An Attitude\" \/>\n<meta property=\"article:publisher\" content=\"https:\/\/www.facebook.com\/addanattitude\" \/>\n<meta property=\"article:modified_time\" content=\"2022-12-15T15:39:20+00:00\" \/>\n<meta property=\"og:image\" content=\"http:\/\/addanattitude.se\/wp-content\/uploads\/2022\/09\/IMG_6293-scaled.jpeg\" \/>\n<meta name=\"twitter:card\" content=\"summary_large_image\" \/>\n<meta name=\"twitter:label1\" content=\"Est. reading time\" \/>\n\t<meta name=\"twitter:data1\" content=\"1 minute\" \/>\n<script type=\"application\/ld+json\" class=\"yoast-schema-graph\">{\"@context\":\"https:\/\/schema.org\",\"@graph\":[{\"@type\":\"WebPage\",\"@id\":\"https:\/\/addanattitude.se\/om-maria\/\",\"url\":\"https:\/\/addanattitude.se\/om-maria\/\",\"name\":\"Om Maria &#187; Add An Attitude\",\"isPartOf\":{\"@id\":\"https:\/\/addanattitude.se\/sv\/#website\"},\"primaryImageOfPage\":{\"@id\":\"https:\/\/addanattitude.se\/om-maria\/#primaryimage\"},\"image\":{\"@id\":\"https:\/\/addanattitude.se\/om-maria\/#primaryimage\"},\"thumbnailUrl\":\"http:\/\/addanattitude.se\/wp-content\/uploads\/2022\/09\/IMG_6293-scaled.jpeg\",\"datePublished\":\"2019-04-12T18:17:11+00:00\",\"dateModified\":\"2022-12-15T15:39:20+00:00\",\"breadcrumb\":{\"@id\":\"https:\/\/addanattitude.se\/om-maria\/#breadcrumb\"},\"inLanguage\":\"en-US\",\"potentialAction\":[{\"@type\":\"ReadAction\",\"target\":[\"https:\/\/addanattitude.se\/om-maria\/\"]}]},{\"@type\":\"ImageObject\",\"inLanguage\":\"en-US\",\"@id\":\"https:\/\/addanattitude.se\/om-maria\/#primaryimage\",\"url\":\"http:\/\/addanattitude.se\/wp-content\/uploads\/2022\/09\/IMG_6293-scaled.jpeg\",\"contentUrl\":\"http:\/\/addanattitude.se\/wp-content\/uploads\/2022\/09\/IMG_6293-scaled.jpeg\"},{\"@type\":\"BreadcrumbList\",\"@id\":\"https:\/\/addanattitude.se\/om-maria\/#breadcrumb\",\"itemListElement\":[{\"@type\":\"ListItem\",\"position\":1,\"name\":\"Hem\",\"item\":\"https:\/\/addanattitude.se\/sv\/\"},{\"@type\":\"ListItem\",\"position\":2,\"name\":\"Om Maria\"}]},{\"@type\":\"WebSite\",\"@id\":\"https:\/\/addanattitude.se\/sv\/#website\",\"url\":\"https:\/\/addanattitude.se\/sv\/\",\"name\":\"Add An Attitude\",\"description\":\"Master the art of having a powerful mindset\",\"publisher\":{\"@id\":\"https:\/\/addanattitude.se\/sv\/#organization\"},\"potentialAction\":[{\"@type\":\"SearchAction\",\"target\":{\"@type\":\"EntryPoint\",\"urlTemplate\":\"https:\/\/addanattitude.se\/sv\/?s={search_term_string}\"},\"query-input\":{\"@type\":\"PropertyValueSpecification\",\"valueRequired\":true,\"valueName\":\"search_term_string\"}}],\"inLanguage\":\"en-US\"},{\"@type\":\"Organization\",\"@id\":\"https:\/\/addanattitude.se\/sv\/#organization\",\"name\":\"Maria Lindstr\u00f6m Aktiv\",\"url\":\"https:\/\/addanattitude.se\/sv\/\",\"logo\":{\"@type\":\"ImageObject\",\"inLanguage\":\"en-US\",\"@id\":\"https:\/\/addanattitude.se\/sv\/#\/schema\/logo\/image\/\",\"url\":\"https:\/\/addanattitude.se\/wp-content\/uploads\/2019\/04\/Dust-Road-Co.-1.png\",\"contentUrl\":\"https:\/\/addanattitude.se\/wp-content\/uploads\/2019\/04\/Dust-Road-Co.-1.png\",\"width\":500,\"height\":500,\"caption\":\"Maria Lindstr\u00f6m Aktiv\"},\"image\":{\"@id\":\"https:\/\/addanattitude.se\/sv\/#\/schema\/logo\/image\/\"},\"sameAs\":[\"https:\/\/www.facebook.com\/addanattitude\"]}]}<\/script>\n<!-- \/ Yoast SEO plugin. -->","yoast_head_json":{"title":"Om Maria &#187; Add An Attitude","robots":{"index":"index","follow":"follow","max-snippet":"max-snippet:-1","max-image-preview":"max-image-preview:large","max-video-preview":"max-video-preview:-1"},"canonical":"https:\/\/addanattitude.se\/en\/om-maria\/","og_locale":"en_US","og_type":"article","og_title":"Om Maria &#187; Add An Attitude","og_description":"Idrottare i olika sporter kommer till mig n\u00e4r de vill uppn\u00e5 b\u00e4ttre resultat och m\u00e4rker att deras mindset blockerar dom f\u00f6r att ta n\u00e4sta kliv i deras utveckling. Det \u00e4r en m\u00e4nniska som ska utf\u00f6ra tekniken och fysiken inom idrotten. Att veta hur du ska t\u00e4nka f\u00f6r att frig\u00f6ra dessa f\u00f6rm\u00e5gor &#8211; \u00e4r ingrediensen alla [&hellip;]","og_url":"https:\/\/addanattitude.se\/en\/om-maria\/","og_site_name":"Add An Attitude","article_publisher":"https:\/\/www.facebook.com\/addanattitude","article_modified_time":"2022-12-15T15:39:20+00:00","og_image":[{"url":"http:\/\/addanattitude.se\/wp-content\/uploads\/2022\/09\/IMG_6293-scaled.jpeg","type":"","width":"","height":""}],"twitter_card":"summary_large_image","twitter_misc":{"Est. reading time":"1 minute"},"schema":{"@context":"https:\/\/schema.org","@graph":[{"@type":"WebPage","@id":"https:\/\/addanattitude.se\/om-maria\/","url":"https:\/\/addanattitude.se\/om-maria\/","name":"Om Maria &#187; Add An Attitude","isPartOf":{"@id":"https:\/\/addanattitude.se\/sv\/#website"},"primaryImageOfPage":{"@id":"https:\/\/addanattitude.se\/om-maria\/#primaryimage"},"image":{"@id":"https:\/\/addanattitude.se\/om-maria\/#primaryimage"},"thumbnailUrl":"http:\/\/addanattitude.se\/wp-content\/uploads\/2022\/09\/IMG_6293-scaled.jpeg","datePublished":"2019-04-12T18:17:11+00:00","dateModified":"2022-12-15T15:39:20+00:00","breadcrumb":{"@id":"https:\/\/addanattitude.se\/om-maria\/#breadcrumb"},"inLanguage":"en-US","potentialAction":[{"@type":"ReadAction","target":["https:\/\/addanattitude.se\/om-maria\/"]}]},{"@type":"ImageObject","inLanguage":"en-US","@id":"https:\/\/addanattitude.se\/om-maria\/#primaryimage","url":"http:\/\/addanattitude.se\/wp-content\/uploads\/2022\/09\/IMG_6293-scaled.jpeg","contentUrl":"http:\/\/addanattitude.se\/wp-content\/uploads\/2022\/09\/IMG_6293-scaled.jpeg"},{"@type":"BreadcrumbList","@id":"https:\/\/addanattitude.se\/om-maria\/#breadcrumb","itemListElement":[{"@type":"ListItem","position":1,"name":"Hem","item":"https:\/\/addanattitude.se\/sv\/"},{"@type":"ListItem","position":2,"name":"Om Maria"}]},{"@type":"WebSite","@id":"https:\/\/addanattitude.se\/sv\/#website","url":"https:\/\/addanattitude.se\/sv\/","name":"Add An Attitude","description":"Master the art of having a powerful mindset","publisher":{"@id":"https:\/\/addanattitude.se\/sv\/#organization"},"potentialAction":[{"@type":"SearchAction","target":{"@type":"EntryPoint","urlTemplate":"https:\/\/addanattitude.se\/sv\/?s={search_term_string}"},"query-input":{"@type":"PropertyValueSpecification","valueRequired":true,"valueName":"search_term_string"}}],"inLanguage":"en-US"},{"@type":"Organization","@id":"https:\/\/addanattitude.se\/sv\/#organization","name":"Maria Lindstr\u00f6m Aktiv","url":"https:\/\/addanattitude.se\/sv\/","logo":{"@type":"ImageObject","inLanguage":"en-US","@id":"https:\/\/addanattitude.se\/sv\/#\/schema\/logo\/image\/","url":"https:\/\/addanattitude.se\/wp-content\/uploads\/2019\/04\/Dust-Road-Co.-1.png","contentUrl":"https:\/\/addanattitude.se\/wp-content\/uploads\/2019\/04\/Dust-Road-Co.-1.png","width":500,"height":500,"caption":"Maria Lindstr\u00f6m Aktiv"},"image":{"@id":"https:\/\/addanattitude.se\/sv\/#\/schema\/logo\/image\/"},"sameAs":["https:\/\/www.facebook.com\/addanattitude"]}]}},"jetpack_sharing_enabled":true,"_links":{"self":[{"href":"https:\/\/addanattitude.se\/en\/wp-json\/wp\/v2\/pages\/729","targetHints":{"allow":["GET"]}}],"collection":[{"href":"https:\/\/addanattitude.se\/en\/wp-json\/wp\/v2\/pages"}],"about":[{"href":"https:\/\/addanattitude.se\/en\/wp-json\/wp\/v2\/types\/page"}],"author":[{"embeddable":true,"href":"https:\/\/addanattitude.se\/en\/wp-json\/wp\/v2\/users\/1"}],"replies":[{"embeddable":true,"href":"https:\/\/addanattitude.se\/en\/wp-json\/wp\/v2\/comments?post=729"}],"version-history":[{"count":0,"href":"https:\/\/addanattitude.se\/en\/wp-json\/wp\/v2\/pages\/729\/revisions"}],"wp:attachment":[{"href":"https:\/\/addanattitude.se\/en\/wp-json\/wp\/v2\/media?parent=729"}],"curies":[{"name":"wp","href":"https:\/\/api.w.org\/{rel}","templated":true}]}}