{"id":5162,"date":"2023-04-19T12:56:46","date_gmt":"2023-04-19T12:56:46","guid":{"rendered":"https:\/\/addanattitude.se\/?page_id=5162"},"modified":"2023-04-19T13:39:57","modified_gmt":"2023-04-19T13:39:57","slug":"statements","status":"publish","type":"page","link":"https:\/\/addanattitude.se\/en\/statements\/","title":{"rendered":"statements"},"content":{"rendered":"<div data-elementor-type=\"wp-post\" data-elementor-id=\"5162\" class=\"elementor elementor-5162\" data-elementor-post-type=\"page\">\n\t\t\t\t\t\t<section class=\"elementor-section elementor-top-section elementor-element elementor-element-aea84ea elementor-section-boxed elementor-section-height-default elementor-section-height-default\" data-id=\"aea84ea\" data-element_type=\"section\">\n\t\t\t\t\t\t<div class=\"elementor-container elementor-column-gap-default\">\n\t\t\t\t\t<div class=\"elementor-column elementor-col-100 elementor-top-column elementor-element elementor-element-071b6ac\" data-id=\"071b6ac\" data-element_type=\"column\">\n\t\t\t<div class=\"elementor-widget-wrap elementor-element-populated\">\n\t\t\t\t\t\t<div class=\"elementor-element elementor-element-8067efb elementor-widget elementor-widget-text-editor\" data-id=\"8067efb\" data-element_type=\"widget\" data-widget_type=\"text-editor.default\">\n\t\t\t\t<div class=\"elementor-widget-container\">\n\t\t\t\t\t\t\t\t\t<p><span style=\"background-color: transparent; font-style: normal; font-variant-ligatures: normal; font-variant-caps: normal;\">Nya Statements<\/span><\/p><p><span style=\"background-color: transparent; font-style: normal; font-variant-ligatures: normal; font-variant-caps: normal;\">mp3<\/span><\/p>\t\t\t\t\t\t\t\t<\/div>\n\t\t\t\t<\/div>\n\t\t\t\t\t<\/div>\n\t\t<\/div>\n\t\t\t\t\t<\/div>\n\t\t<\/section>\n\t\t\t\t<section class=\"elementor-section elementor-top-section elementor-element elementor-element-3b7a0d5 elementor-section-boxed elementor-section-height-default elementor-section-height-default\" data-id=\"3b7a0d5\" data-element_type=\"section\">\n\t\t\t\t\t\t<div class=\"elementor-container elementor-column-gap-default\">\n\t\t\t\t\t<div class=\"elementor-column elementor-col-50 elementor-top-column elementor-element elementor-element-0b5c569\" data-id=\"0b5c569\" data-element_type=\"column\">\n\t\t\t<div class=\"elementor-widget-wrap elementor-element-populated\">\n\t\t\t\t\t\t<div class=\"elementor-element elementor-element-5cae9ef elementor-widget elementor-widget-bplayer\" data-id=\"5cae9ef\" data-element_type=\"widget\" data-widget_type=\"bplayer.default\">\n\t\t\t\t<div class=\"elementor-widget-container\">\n\t\t\t\t\t\n\t\t<div id=\"app\" data-settings='{\"bplayer_size\":true,\"dark_mode\":true,\"track_title\":\"Statement Mp3\",\"track_source\":{\"url\":\"http:\\\/\\\/addanattitude.se\\\/wp-content\\\/uploads\\\/2023\\\/04\\\/Statments-18-april-.mp3\",\"id\":5172,\"size\":\"\",\"alt\":\"\",\"source\":\"library\"},\"track_poster\":{\"url\":\"http:\\\/\\\/addanattitude.se\\\/wp-content\\\/uploads\\\/2023\\\/04\\\/6BF5E6CE-4826-4EBD-BFF6-401F9E2C433F_1_105_c.jpeg\",\"id\":5049,\"size\":\"\",\"alt\":\"\",\"source\":\"library\"},\"track_artist_name\":\"Maria\",\"track_album\":\"1\"}'><\/div>\n\t\t\n\t\t\t\t\t\t<\/div>\n\t\t\t\t<\/div>\n\t\t\t\t\t<\/div>\n\t\t<\/div>\n\t\t\t\t<div class=\"elementor-column elementor-col-50 elementor-top-column elementor-element elementor-element-7ff06f1\" data-id=\"7ff06f1\" data-element_type=\"column\">\n\t\t\t<div class=\"elementor-widget-wrap elementor-element-populated\">\n\t\t\t\t\t\t<div class=\"elementor-element elementor-element-d760085 elementor-widget elementor-widget-bplayer\" data-id=\"d760085\" data-element_type=\"widget\" data-widget_type=\"bplayer.default\">\n\t\t\t\t<div class=\"elementor-widget-container\">\n\t\t\t\t\t\n\t\t<div id=\"app\" data-settings='{\"bplayer_size\":true,\"dark_mode\":true,\"track_title\":\"Quotes English\",\"track_source\":{\"url\":\"http:\\\/\\\/addanattitude.se\\\/wp-content\\\/uploads\\\/2023\\\/04\\\/Eng-citat-18-april.mp3\",\"id\":5171,\"size\":\"\",\"alt\":\"\",\"source\":\"library\"},\"track_poster\":{\"url\":\"http:\\\/\\\/addanattitude.se\\\/wp-content\\\/uploads\\\/2023\\\/04\\\/73B63F54-4F8D-4BA0-9968-AE2FFEAA49A8_1_105_c.jpeg\",\"id\":5044,\"size\":\"\",\"alt\":\"\",\"source\":\"library\"},\"track_artist_name\":\"Maria\",\"track_album\":\"\"}'><\/div>\n\t\t\n\t\t\t\t\t\t<\/div>\n\t\t\t\t<\/div>\n\t\t\t\t\t<\/div>\n\t\t<\/div>\n\t\t\t\t\t<\/div>\n\t\t<\/section>\n\t\t\t\t<section class=\"elementor-section elementor-top-section elementor-element elementor-element-058fde0 elementor-section-boxed elementor-section-height-default elementor-section-height-default\" data-id=\"058fde0\" data-element_type=\"section\">\n\t\t\t\t\t\t<div class=\"elementor-container elementor-column-gap-default\">\n\t\t\t\t\t<div class=\"elementor-column elementor-col-50 elementor-top-column elementor-element elementor-element-7d3aa2e\" data-id=\"7d3aa2e\" data-element_type=\"column\">\n\t\t\t<div class=\"elementor-widget-wrap elementor-element-populated\">\n\t\t\t\t\t\t<div class=\"elementor-element elementor-element-93175d6 elementor-widget elementor-widget-text-editor\" data-id=\"93175d6\" data-element_type=\"widget\" data-widget_type=\"text-editor.default\">\n\t\t\t\t<div class=\"elementor-widget-container\">\n\t\t\t\t\t\t\t\t\t<p dir=\"ltr\" style=\"margin-top: 0pt; margin-bottom: 0pt; font-variant-ligatures: normal; font-variant-caps: normal; line-height: 1.38; font-family: Roboto, Georgia; font-size: 16px; font-style: normal; font-weight: 400;\"><span style=\"font-variant-ligatures: normal; font-variant-caps: normal; font-family: Roboto, sans-serif; font-size: 12pt; font-style: normal; font-weight: bold; background-color: transparent; color: #374151; white-space: pre-wrap;\">Nya statements<\/span><\/p><p dir=\"ltr\" style=\"margin-top: 0pt; margin-bottom: 0pt; font-variant-ligatures: normal; font-variant-caps: normal; line-height: 1.38; font-family: Roboto, Georgia; font-size: 16px; font-style: normal; font-weight: 400;\"><span style=\"font-variant-ligatures: normal; font-variant-caps: normal; font-family: Roboto, sans-serif; font-size: 11pt; font-style: normal; font-weight: 400; background-color: transparent; color: #000000; white-space: pre-wrap;\">.<\/span><\/p><p dir=\"ltr\" style=\"margin-top: 0pt; margin-bottom: 0pt; font-variant-ligatures: normal; font-variant-caps: normal; line-height: 1.38; font-family: Roboto, Georgia; font-size: 16px; font-style: normal; font-weight: 400;\"><span style=\"font-variant: normal; font-family: Arial; font-size: 11pt; font-style: normal; font-weight: 400; color: #000000; background-color: transparent; white-space: pre-wrap;\">95% av tankarna har varit samma de senaste \u00e5ren ..<\/span><\/p><p dir=\"ltr\" style=\"margin-top: 0pt; margin-bottom: 0pt; font-variant-ligatures: normal; font-variant-caps: normal; line-height: 1.38; font-family: Roboto, Georgia; font-size: 16px; font-style: normal; font-weight: 400;\"><span style=\"font-variant: normal; font-family: Arial; font-size: 11pt; font-style: normal; font-weight: 400; color: #000000; background-color: transparent; white-space: pre-wrap;\">.<\/span><\/p><p dir=\"ltr\" style=\"margin-top: 0pt; margin-bottom: 0pt; font-variant-ligatures: normal; font-variant-caps: normal; line-height: 1.38; font-family: Roboto, Georgia; font-size: 16px; font-style: normal; font-weight: 400;\"><span style=\"font-variant: normal; font-family: Arial; font-size: 11pt; font-style: normal; font-weight: 400; color: #000000; background-color: transparent; white-space: pre-wrap;\">Saken \u00e4r den &#8211;\u00a0 f\u00f6r att uppn\u00e5 n\u00e5got nytt och st\u00f6rre &#8211; beh\u00f6ver du skifta n\u00e5got inom dig.<\/span><\/p><p dir=\"ltr\" style=\"margin-top: 0pt; margin-bottom: 0pt; font-variant-ligatures: normal; font-variant-caps: normal; line-height: 1.38; font-family: Roboto, Georgia; font-size: 16px; font-style: normal; font-weight: 400;\"><span style=\"font-size: 16px; font-weight: normal;\">\u00a0<\/span><\/p><p dir=\"ltr\" style=\"margin-top: 0pt; margin-bottom: 0pt; font-variant-ligatures: normal; font-variant-caps: normal; line-height: 1.38; font-family: Roboto, Georgia; font-size: 16px; font-style: normal; font-weight: 400;\"><span style=\"font-variant: normal; font-family: Arial; font-size: 11pt; font-style: normal; font-weight: 400; color: #000000; background-color: transparent; white-space: pre-wrap;\">B\u00f6rja med nya tankar ..<\/span><\/p><p dir=\"ltr\" style=\"margin-top: 0pt; margin-bottom: 0pt; font-variant-ligatures: normal; font-variant-caps: normal; line-height: 1.38; font-family: Roboto, Georgia; font-size: 16px; font-style: normal; font-weight: 400;\"><span style=\"font-variant: normal; font-family: Arial; font-size: 11pt; font-style: normal; font-weight: 400; color: #000000; background-color: transparent; white-space: pre-wrap;\">.<\/span><\/p><p dir=\"ltr\" style=\"margin-top: 0pt; margin-bottom: 0pt; font-variant-ligatures: normal; font-variant-caps: normal; line-height: 1.38; font-family: Roboto, Georgia; font-size: 16px; font-style: normal; font-weight: 400;\"><span style=\"font-variant: normal; font-family: Arial; font-size: 11pt; font-style: normal; font-weight: 400; color: #000000; background-color: transparent; white-space: pre-wrap;\">Olikt dagen innan ..<\/span><\/p><p dir=\"ltr\" style=\"margin-top: 0pt; margin-bottom: 0pt; font-variant-ligatures: normal; font-variant-caps: normal; line-height: 1.38; font-family: Roboto, Georgia; font-size: 16px; font-style: normal; font-weight: 400;\"><span style=\"font-variant: normal; font-family: Arial; font-size: 11pt; font-style: normal; font-weight: 400; color: #000000; background-color: transparent; white-space: pre-wrap;\">.<\/span><\/p><p dir=\"ltr\" style=\"margin-top: 0pt; margin-bottom: 0pt; font-variant-ligatures: normal; font-variant-caps: normal; line-height: 1.38; font-family: Roboto, Georgia; font-size: 16px; font-style: normal; font-weight: 400;\"><span style=\"font-variant: normal; font-family: Arial; font-size: 11pt; font-style: normal; font-weight: 400; color: #000000; background-color: transparent; white-space: pre-wrap;\">F\u00f6r att skapa en annan k\u00e4nsla &#8211; av sj\u00e4lvf\u00f6rtroende, kraftfullhet och gl\u00e4dje.\u00a0<\/span><\/p><p dir=\"ltr\" style=\"margin-top: 0pt; margin-bottom: 0pt; font-variant-ligatures: normal; font-variant-caps: normal; line-height: 1.38; font-family: Roboto, Georgia; font-size: 16px; font-style: normal; font-weight: 400;\"><span style=\"font-variant: normal; font-family: Arial; font-size: 11pt; font-style: normal; font-weight: 400; color: #000000; background-color: transparent; white-space: pre-wrap;\">.<\/span><\/p><p dir=\"ltr\" style=\"margin-top: 0pt; margin-bottom: 0pt; font-variant-ligatures: normal; font-variant-caps: normal; line-height: 1.38; font-family: Roboto, Georgia; font-size: 16px; font-style: normal; font-weight: 400;\"><span style=\"font-size: 16px; font-weight: normal;\">\u00a0<\/span><\/p><p dir=\"ltr\" style=\"margin-top: 0pt; margin-bottom: 0pt; font-variant-ligatures: normal; font-variant-caps: normal; line-height: 1.38; font-family: Roboto, Georgia; font-size: 16px; font-style: normal; font-weight: 400;\"><span style=\"font-variant: normal; font-family: Arial; font-size: 11pt; font-style: normal; font-weight: 400; color: #000000; background-color: transparent; white-space: pre-wrap;\">B\u00f6rja med att lyssna p\u00e5 en samling &#8221;statements&#8221; (mp3) som f\u00f6rsta steg att skifta dina tankar och \u201cmood\u201d.<\/span><\/p><p dir=\"ltr\" style=\"margin-top: 0pt; margin-bottom: 0pt; font-variant-ligatures: normal; font-variant-caps: normal; line-height: 1.38; font-family: Roboto, Georgia; font-size: 16px; font-style: normal; font-weight: 400;\">\u00a0<\/p><p dir=\"ltr\" style=\"margin-top: 0pt; margin-bottom: 0pt; font-variant-ligatures: normal; font-variant-caps: normal; line-height: 1.38; font-family: Roboto, Georgia; font-size: 16px; font-style: normal; font-weight: 400;\"><span style=\"font-variant: normal; font-family: Arial; font-size: 11pt; font-style: normal; font-weight: 400; color: #000000; background-color: transparent; white-space: pre-wrap;\">.<\/span><\/p><p style=\"font-variant-ligatures: normal; font-variant-caps: normal; font-family: Roboto, Georgia; font-size: 16px; font-style: normal; font-weight: 400;\"><span style=\"font-size: 16px; font-weight: 600;\"><span style=\"font-variant: normal; font-family: Roboto, sans-serif; font-size: 11pt; font-style: normal; color: #000000; background-color: transparent; white-space: pre-wrap;\">Om du vill jobba djupare och mer individuellt just f\u00f6r dig, d\u00e4r jag \u00e4ven hj\u00e4lper dig att implementera verktygen &#8211; skicka ett mail eller klicka knappen h\u00e4r ovanf\u00f6r.<\/span><\/span><\/p>\t\t\t\t\t\t\t\t<\/div>\n\t\t\t\t<\/div>\n\t\t\t\t\t<\/div>\n\t\t<\/div>\n\t\t\t\t<div class=\"elementor-column elementor-col-50 elementor-top-column elementor-element elementor-element-abc84ad\" data-id=\"abc84ad\" data-element_type=\"column\">\n\t\t\t<div class=\"elementor-widget-wrap elementor-element-populated\">\n\t\t\t\t\t\t<div class=\"elementor-element elementor-element-feacf06 elementor-widget elementor-widget-text-editor\" data-id=\"feacf06\" data-element_type=\"widget\" data-widget_type=\"text-editor.default\">\n\t\t\t\t<div class=\"elementor-widget-container\">\n\t\t\t\t\t\t\t\t\t<div><blockquote><p class=\"p1\" style=\"text-align: center;\"><b>Master the art of having a powerful mindset and you will compete at your highest level.<\/b><\/p><\/blockquote><\/div>\t\t\t\t\t\t\t\t<\/div>\n\t\t\t\t<\/div>\n\t\t\t\t<div class=\"elementor-element elementor-element-e87cbaf elementor-align-center elementor-button-success elementor-widget elementor-widget-button\" data-id=\"e87cbaf\" data-element_type=\"widget\" data-widget_type=\"button.default\">\n\t\t\t\t<div class=\"elementor-widget-container\">\n\t\t\t\t\t\t\t\t\t<div class=\"elementor-button-wrapper\">\n\t\t\t\t\t<a class=\"elementor-button elementor-button-link elementor-size-xs\" href=\"https:\/\/addanattitude.se\/en\/strategy-session\/\">\n\t\t\t\t\t\t<span class=\"elementor-button-content-wrapper\">\n\t\t\t\t\t\t\t\t\t<span class=\"elementor-button-text\">Vill du jobb med ditt mindset. Signa upp f\u00f6r ett f\u00f6ruts\u00e4ttningsl\u00f6st samtal<\/span>\n\t\t\t\t\t<\/span>\n\t\t\t\t\t<\/a>\n\t\t\t\t<\/div>\n\t\t\t\t\t\t\t\t<\/div>\n\t\t\t\t<\/div>\n\t\t\t\t\t<\/div>\n\t\t<\/div>\n\t\t\t\t\t<\/div>\n\t\t<\/section>\n\t\t\t\t<\/div>","protected":false},"excerpt":{"rendered":"<p>Nya Statements mp3 Nya statements . 95% av tankarna har varit samma de senaste \u00e5ren .. . Saken \u00e4r den &#8211;\u00a0 f\u00f6r att uppn\u00e5 n\u00e5got nytt och st\u00f6rre &#8211; beh\u00f6ver du skifta n\u00e5got inom dig. \u00a0 B\u00f6rja med nya tankar .. . Olikt dagen innan .. . F\u00f6r att skapa en annan k\u00e4nsla &#8211; av [&hellip;]<\/p>","protected":false},"author":1,"featured_media":0,"parent":0,"menu_order":19,"comment_status":"closed","ping_status":"closed","template":"elementor_header_footer","meta":{"_monsterinsights_skip_tracking":false,"_monsterinsights_sitenote_active":false,"_monsterinsights_sitenote_note":"","_monsterinsights_sitenote_category":0,"ocean_post_layout":"","ocean_both_sidebars_style":"","ocean_both_sidebars_content_width":0,"ocean_both_sidebars_sidebars_width":0,"ocean_sidebar":"0","ocean_second_sidebar":"0","ocean_disable_margins":"enable","ocean_add_body_class":"","ocean_shortcode_before_top_bar":"","ocean_shortcode_after_top_bar":"","ocean_shortcode_before_header":"","ocean_shortcode_after_header":"","ocean_has_shortcode":"","ocean_shortcode_after_title":"","ocean_shortcode_before_footer_widgets":"","ocean_shortcode_after_footer_widgets":"","ocean_shortcode_before_footer_bottom":"","ocean_shortcode_after_footer_bottom":"","ocean_display_top_bar":"default","ocean_display_header":"default","ocean_header_style":"","ocean_center_header_left_menu":"0","ocean_custom_header_template":"0","ocean_custom_logo":0,"ocean_custom_retina_logo":0,"ocean_custom_logo_max_width":0,"ocean_custom_logo_tablet_max_width":0,"ocean_custom_logo_mobile_max_width":0,"ocean_custom_logo_max_height":0,"ocean_custom_logo_tablet_max_height":0,"ocean_custom_logo_mobile_max_height":0,"ocean_header_custom_menu":"0","ocean_menu_typo_font_family":"0","ocean_menu_typo_font_subset":"","ocean_menu_typo_font_size":0,"ocean_menu_typo_font_size_tablet":0,"ocean_menu_typo_font_size_mobile":0,"ocean_menu_typo_font_size_unit":"px","ocean_menu_typo_font_weight":"","ocean_menu_typo_font_weight_tablet":"","ocean_menu_typo_font_weight_mobile":"","ocean_menu_typo_transform":"","ocean_menu_typo_transform_tablet":"","ocean_menu_typo_transform_mobile":"","ocean_menu_typo_line_height":0,"ocean_menu_typo_line_height_tablet":0,"ocean_menu_typo_line_height_mobile":0,"ocean_menu_typo_line_height_unit":"","ocean_menu_typo_spacing":0,"ocean_menu_typo_spacing_tablet":0,"ocean_menu_typo_spacing_mobile":0,"ocean_menu_typo_spacing_unit":"","ocean_menu_link_color":"","ocean_menu_link_color_hover":"","ocean_menu_link_color_active":"","ocean_menu_link_background":"","ocean_menu_link_hover_background":"","ocean_menu_link_active_background":"","ocean_menu_social_links_bg":"","ocean_menu_social_hover_links_bg":"","ocean_menu_social_links_color":"","ocean_menu_social_hover_links_color":"","ocean_disable_title":"default","ocean_disable_heading":"default","ocean_post_title":"","ocean_post_subheading":"","ocean_post_title_style":"","ocean_post_title_background_color":"","ocean_post_title_background":0,"ocean_post_title_bg_image_position":"","ocean_post_title_bg_image_attachment":"","ocean_post_title_bg_image_repeat":"","ocean_post_title_bg_image_size":"","ocean_post_title_height":0,"ocean_post_title_bg_overlay":0.5,"ocean_post_title_bg_overlay_color":"","ocean_disable_breadcrumbs":"default","ocean_breadcrumbs_color":"","ocean_breadcrumbs_separator_color":"","ocean_breadcrumbs_links_color":"","ocean_breadcrumbs_links_hover_color":"","ocean_display_footer_widgets":"default","ocean_display_footer_bottom":"default","ocean_custom_footer_template":"0","footnotes":""},"class_list":["post-5162","page","type-page","status-publish","hentry","entry"],"yoast_head":"<!-- This site is optimized with the Yoast SEO plugin v24.7 - https:\/\/yoast.com\/wordpress\/plugins\/seo\/ -->\n<title>statements &#187; Add An Attitude<\/title>\n<meta name=\"robots\" content=\"index, follow, max-snippet:-1, max-image-preview:large, max-video-preview:-1\" \/>\n<link rel=\"canonical\" href=\"https:\/\/addanattitude.se\/en\/statements\/\" \/>\n<meta property=\"og:locale\" content=\"en_US\" \/>\n<meta property=\"og:type\" content=\"article\" \/>\n<meta property=\"og:title\" content=\"statements &#187; Add An Attitude\" \/>\n<meta property=\"og:description\" content=\"Nya Statements mp3 Nya statements . 95% av tankarna har varit samma de senaste \u00e5ren .. . Saken \u00e4r den &#8211;\u00a0 f\u00f6r att uppn\u00e5 n\u00e5got nytt och st\u00f6rre &#8211; beh\u00f6ver du skifta n\u00e5got inom dig. \u00a0 B\u00f6rja med nya tankar .. . Olikt dagen innan .. . F\u00f6r att skapa en annan k\u00e4nsla &#8211; av [&hellip;]\" \/>\n<meta property=\"og:url\" content=\"https:\/\/addanattitude.se\/en\/statements\/\" \/>\n<meta property=\"og:site_name\" content=\"Add An Attitude\" \/>\n<meta property=\"article:publisher\" content=\"https:\/\/www.facebook.com\/addanattitude\" \/>\n<meta property=\"article:modified_time\" content=\"2023-04-19T13:39:57+00:00\" \/>\n<meta name=\"twitter:card\" content=\"summary_large_image\" \/>\n<meta name=\"twitter:label1\" content=\"Est. reading time\" \/>\n\t<meta name=\"twitter:data1\" content=\"1 minute\" \/>\n<script type=\"application\/ld+json\" class=\"yoast-schema-graph\">{\"@context\":\"https:\/\/schema.org\",\"@graph\":[{\"@type\":\"WebPage\",\"@id\":\"https:\/\/addanattitude.se\/statements\/\",\"url\":\"https:\/\/addanattitude.se\/statements\/\",\"name\":\"statements &#187; Add An Attitude\",\"isPartOf\":{\"@id\":\"https:\/\/addanattitude.se\/sv\/#website\"},\"datePublished\":\"2023-04-19T12:56:46+00:00\",\"dateModified\":\"2023-04-19T13:39:57+00:00\",\"breadcrumb\":{\"@id\":\"https:\/\/addanattitude.se\/statements\/#breadcrumb\"},\"inLanguage\":\"en-US\",\"potentialAction\":[{\"@type\":\"ReadAction\",\"target\":[\"https:\/\/addanattitude.se\/statements\/\"]}]},{\"@type\":\"BreadcrumbList\",\"@id\":\"https:\/\/addanattitude.se\/statements\/#breadcrumb\",\"itemListElement\":[{\"@type\":\"ListItem\",\"position\":1,\"name\":\"Hem\",\"item\":\"https:\/\/addanattitude.se\/sv\/\"},{\"@type\":\"ListItem\",\"position\":2,\"name\":\"statements\"}]},{\"@type\":\"WebSite\",\"@id\":\"https:\/\/addanattitude.se\/sv\/#website\",\"url\":\"https:\/\/addanattitude.se\/sv\/\",\"name\":\"Add An Attitude\",\"description\":\"Master the art of having a powerful mindset\",\"publisher\":{\"@id\":\"https:\/\/addanattitude.se\/sv\/#organization\"},\"potentialAction\":[{\"@type\":\"SearchAction\",\"target\":{\"@type\":\"EntryPoint\",\"urlTemplate\":\"https:\/\/addanattitude.se\/sv\/?s={search_term_string}\"},\"query-input\":{\"@type\":\"PropertyValueSpecification\",\"valueRequired\":true,\"valueName\":\"search_term_string\"}}],\"inLanguage\":\"en-US\"},{\"@type\":\"Organization\",\"@id\":\"https:\/\/addanattitude.se\/sv\/#organization\",\"name\":\"Maria Lindstr\u00f6m Aktiv\",\"url\":\"https:\/\/addanattitude.se\/sv\/\",\"logo\":{\"@type\":\"ImageObject\",\"inLanguage\":\"en-US\",\"@id\":\"https:\/\/addanattitude.se\/sv\/#\/schema\/logo\/image\/\",\"url\":\"https:\/\/addanattitude.se\/wp-content\/uploads\/2019\/04\/Dust-Road-Co.-1.png\",\"contentUrl\":\"https:\/\/addanattitude.se\/wp-content\/uploads\/2019\/04\/Dust-Road-Co.-1.png\",\"width\":500,\"height\":500,\"caption\":\"Maria Lindstr\u00f6m Aktiv\"},\"image\":{\"@id\":\"https:\/\/addanattitude.se\/sv\/#\/schema\/logo\/image\/\"},\"sameAs\":[\"https:\/\/www.facebook.com\/addanattitude\"]}]}<\/script>\n<!-- \/ Yoast SEO plugin. -->","yoast_head_json":{"title":"statements &#187; Add An Attitude","robots":{"index":"index","follow":"follow","max-snippet":"max-snippet:-1","max-image-preview":"max-image-preview:large","max-video-preview":"max-video-preview:-1"},"canonical":"https:\/\/addanattitude.se\/en\/statements\/","og_locale":"en_US","og_type":"article","og_title":"statements &#187; Add An Attitude","og_description":"Nya Statements mp3 Nya statements . 95% av tankarna har varit samma de senaste \u00e5ren .. . Saken \u00e4r den &#8211;\u00a0 f\u00f6r att uppn\u00e5 n\u00e5got nytt och st\u00f6rre &#8211; beh\u00f6ver du skifta n\u00e5got inom dig. \u00a0 B\u00f6rja med nya tankar .. . Olikt dagen innan .. . F\u00f6r att skapa en annan k\u00e4nsla &#8211; av [&hellip;]","og_url":"https:\/\/addanattitude.se\/en\/statements\/","og_site_name":"Add An Attitude","article_publisher":"https:\/\/www.facebook.com\/addanattitude","article_modified_time":"2023-04-19T13:39:57+00:00","twitter_card":"summary_large_image","twitter_misc":{"Est. reading time":"1 minute"},"schema":{"@context":"https:\/\/schema.org","@graph":[{"@type":"WebPage","@id":"https:\/\/addanattitude.se\/statements\/","url":"https:\/\/addanattitude.se\/statements\/","name":"statements &#187; Add An Attitude","isPartOf":{"@id":"https:\/\/addanattitude.se\/sv\/#website"},"datePublished":"2023-04-19T12:56:46+00:00","dateModified":"2023-04-19T13:39:57+00:00","breadcrumb":{"@id":"https:\/\/addanattitude.se\/statements\/#breadcrumb"},"inLanguage":"en-US","potentialAction":[{"@type":"ReadAction","target":["https:\/\/addanattitude.se\/statements\/"]}]},{"@type":"BreadcrumbList","@id":"https:\/\/addanattitude.se\/statements\/#breadcrumb","itemListElement":[{"@type":"ListItem","position":1,"name":"Hem","item":"https:\/\/addanattitude.se\/sv\/"},{"@type":"ListItem","position":2,"name":"statements"}]},{"@type":"WebSite","@id":"https:\/\/addanattitude.se\/sv\/#website","url":"https:\/\/addanattitude.se\/sv\/","name":"Add An Attitude","description":"Master the art of having a powerful mindset","publisher":{"@id":"https:\/\/addanattitude.se\/sv\/#organization"},"potentialAction":[{"@type":"SearchAction","target":{"@type":"EntryPoint","urlTemplate":"https:\/\/addanattitude.se\/sv\/?s={search_term_string}"},"query-input":{"@type":"PropertyValueSpecification","valueRequired":true,"valueName":"search_term_string"}}],"inLanguage":"en-US"},{"@type":"Organization","@id":"https:\/\/addanattitude.se\/sv\/#organization","name":"Maria Lindstr\u00f6m Aktiv","url":"https:\/\/addanattitude.se\/sv\/","logo":{"@type":"ImageObject","inLanguage":"en-US","@id":"https:\/\/addanattitude.se\/sv\/#\/schema\/logo\/image\/","url":"https:\/\/addanattitude.se\/wp-content\/uploads\/2019\/04\/Dust-Road-Co.-1.png","contentUrl":"https:\/\/addanattitude.se\/wp-content\/uploads\/2019\/04\/Dust-Road-Co.-1.png","width":500,"height":500,"caption":"Maria Lindstr\u00f6m Aktiv"},"image":{"@id":"https:\/\/addanattitude.se\/sv\/#\/schema\/logo\/image\/"},"sameAs":["https:\/\/www.facebook.com\/addanattitude"]}]}},"jetpack_sharing_enabled":true,"_links":{"self":[{"href":"https:\/\/addanattitude.se\/en\/wp-json\/wp\/v2\/pages\/5162","targetHints":{"allow":["GET"]}}],"collection":[{"href":"https:\/\/addanattitude.se\/en\/wp-json\/wp\/v2\/pages"}],"about":[{"href":"https:\/\/addanattitude.se\/en\/wp-json\/wp\/v2\/types\/page"}],"author":[{"embeddable":true,"href":"https:\/\/addanattitude.se\/en\/wp-json\/wp\/v2\/users\/1"}],"replies":[{"embeddable":true,"href":"https:\/\/addanattitude.se\/en\/wp-json\/wp\/v2\/comments?post=5162"}],"version-history":[{"count":0,"href":"https:\/\/addanattitude.se\/en\/wp-json\/wp\/v2\/pages\/5162\/revisions"}],"wp:attachment":[{"href":"https:\/\/addanattitude.se\/en\/wp-json\/wp\/v2\/media?parent=5162"}],"curies":[{"name":"wp","href":"https:\/\/api.w.org\/{rel}","templated":true}]}}